{"id":1220,"date":"2018-08-29T14:51:42","date_gmt":"2018-08-29T17:51:42","guid":{"rendered":"https:\/\/ens3-caba.infd.edu.ar\/sitio\/datos-institucionales\/"},"modified":"2022-11-11T21:07:08","modified_gmt":"2022-11-12T00:07:08","slug":"datos-institucionales","status":"publish","type":"page","link":"https:\/\/ens3-caba.infd.edu.ar\/sitio\/datos-institucionales\/","title":{"rendered":"Datos institucionales"},"content":{"rendered":"<blockquote><p><span style=\"font-size: 10pt; font-family: verdana;\"><strong>Escuela Normal Superior N\u00b0 3 \u00abBernardino Rivadavia\u00bb <\/strong><\/span><\/p>\n<p style=\"padding-left: 30px;\"><span style=\"font-size: 10pt; font-family: verdana;\"><span style=\"color: #0000ff;\"><span style=\"color: #000000;\">\u00a0<\/span><\/span><\/span><\/p>\n<p style=\"padding-left: 30px;\"><span style=\"font-size: 10pt; font-family: verdana;\"><strong>Sede San Telmo:<\/strong><\/span><\/p>\n<p style=\"padding-left: 60px;\"><span style=\"font-size: 10pt; font-family: verdana;\"><strong>Direcci\u00f3n:<\/strong> Bol\u00edvar 1235<\/span><\/p>\n<p style=\"padding-left: 60px;\"><span style=\"font-size: 10pt; font-family: verdana;\"><strong>Tel\u00e9fonos<\/strong>: <span style=\"font-family: verdana,geneva;\">4361-0424\/ 8965\/ 7617<\/span><\/span><\/p>\n<p style=\"padding-left: 60px;\"><span style=\"font-size: 10pt;\"><span style=\"font-family: verdana,geneva;\"><strong>Correo electr\u00f3nico<\/strong>: <a href=\"mailto:ens3@bue.edu.ar\">ens3@bue.edu.ar<\/a><\/span><\/span><\/p>\n<p style=\"padding-left: 60px;\"><span style=\"font-size: 10pt;\"><span style=\"font-family: verdana,geneva;\"><strong>URL:<\/strong> <a href=\"http:\/\/ens3-caba.infd.edu.a\">http:\/\/ens3-caba.infd.edu.ar<\/a><\/span><\/span><\/p>\n<p style=\"padding-left: 30px;\"><span style=\"font-size: 10pt;\"><span style=\"font-family: verdana,geneva;\"><strong>Anexo Lugano:<\/strong><\/span><\/span><\/p>\n<p style=\"padding-left: 60px;\"><span style=\"font-family: verdana; font-size: 10pt;\"><strong>Horarios de atenci\u00f3n:<\/strong> <\/span><\/p>\n<p style=\"padding-left: 60px;\"><span style=\"font-family: verdana; font-size: 10pt;\"><strong>Direcci\u00f3n:<\/strong> <span class=\"st\">Saraza 4202<\/span><\/span><\/p>\n<p style=\"padding-left: 60px;\"><span style=\"font-family: verdana; font-size: 10pt;\"><strong>Tel\u00e9fonos:\u00a0<\/strong>4602 &#8211; 4206<br \/>\n<\/span><\/p>\n<p style=\"padding-left: 60px;\"><span style=\"font-family: verdana, geneva;\"><span style=\"font-size: 10pt;\"><strong>Mail:<\/strong>\u00a0<\/span><\/span><\/p>\n<p style=\"padding-left: 60px;\"><span style=\"font-family: verdana; font-size: 10pt;\"><strong>URL:<\/strong> <a href=\"http:\/\/ens3a-caba.infd.edu.ar\/\">http:\/\/ens3a-caba.infd.edu.ar\/<\/a><\/span><\/p>\n<\/blockquote>\n","protected":false},"excerpt":{"rendered":"<p>Escuela Normal Superior N\u00b0 3 \u00abBernardino Rivadavia\u00bb \u00a0 Sede San Telmo: Direcci\u00f3n: Bol\u00edvar 1235 Tel\u00e9fonos: 4361-0424\/ 8965\/ 7617 Correo electr\u00f3nico: ens3@bue.edu.ar URL: http:\/\/ens3-caba.infd.edu.ar Anexo Lugano: Horarios de atenci\u00f3n: Direcci\u00f3n: Saraza 4202 Tel\u00e9fonos:\u00a04602 &#8211; 4206 Mail:\u00a0 URL: http:\/\/ens3a-caba.infd.edu.ar\/<\/p>\n","protected":false},"author":729,"featured_media":0,"parent":0,"menu_order":0,"comment_status":"closed","ping_status":"closed","template":"","meta":[],"acf":[],"_links":{"self":[{"href":"https:\/\/ens3-caba.infd.edu.ar\/sitio\/wp-json\/wp\/v2\/pages\/1220"}],"collection":[{"href":"https:\/\/ens3-caba.infd.edu.ar\/sitio\/wp-json\/wp\/v2\/pages"}],"about":[{"href":"https:\/\/ens3-caba.infd.edu.ar\/sitio\/wp-json\/wp\/v2\/types\/page"}],"author":[{"embeddable":true,"href":"https:\/\/ens3-caba.infd.edu.ar\/sitio\/wp-json\/wp\/v2\/users\/729"}],"replies":[{"embeddable":true,"href":"https:\/\/ens3-caba.infd.edu.ar\/sitio\/wp-json\/wp\/v2\/comments?post=1220"}],"version-history":[{"count":4,"href":"https:\/\/ens3-caba.infd.edu.ar\/sitio\/wp-json\/wp\/v2\/pages\/1220\/revisions"}],"predecessor-version":[{"id":2263,"href":"https:\/\/ens3-caba.infd.edu.ar\/sitio\/wp-json\/wp\/v2\/pages\/1220\/revisions\/2263"}],"wp:attachment":[{"href":"https:\/\/ens3-caba.infd.edu.ar\/sitio\/wp-json\/wp\/v2\/media?parent=1220"}],"curies":[{"name":"wp","href":"https:\/\/api.w.org\/{rel}","templated":true}]}}