{"id":1252,"date":"2018-08-29T14:51:59","date_gmt":"2018-08-29T17:51:59","guid":{"rendered":"https:\/\/ens3-caba.infd.edu.ar\/sitio\/informacion-del-nivel\/"},"modified":"2019-07-15T08:56:04","modified_gmt":"2019-07-15T11:56:04","slug":"informacion-del-nivel","status":"publish","type":"page","link":"https:\/\/ens3-caba.infd.edu.ar\/sitio\/informacion-del-nivel\/","title":{"rendered":"Informaci\u00f3n del nivel"},"content":{"rendered":"<p style=\"text-align: center;\"><span style=\"font-family: arial, helvetica, sans-serif; font-size: 12pt; color: #3366ff;\"><strong>Nivel Inicial<\/strong>\u00a0<\/span><\/p>\n<hr style=\"height: 3px; width: 600px;\" size=\"3\" width=\"600\" \/>\n<p style=\"text-align: center;\">\n<p style=\"text-align: left;\">El Nivel Inicial de la ENS N\u00aa3 cuenta con salas de 3, 4 y 5 a\u00f1os en diferentes modalidades:<\/p>\n<p>Jornada Simple:<\/p>\n<p><strong>Turno Ma\u00f1ana<\/strong> en el horario de 8,45 hs a 12, 00 hs<\/p>\n<p><strong>Turno Tarde<\/strong> en el horario de 13,00 hs a 16,15 hs<\/p>\n<p><strong>Jornada Completa:<\/strong> de 8,45 hs a 16,15 hs.<\/p>\n<p>El personal del Nivel Inicial est\u00e1 conformado por:<\/p>\n<ul>\n<li>Directivos<\/li>\n<li>Maestras de Secci\u00f3n<\/li>\n<li>Maestras Auxiliares<\/li>\n<li>Profesores de Educaci\u00f3n Musical<\/li>\n<li>Profesores de Educaci\u00f3n F\u00edsica<\/li>\n<\/ul>\n<table style=\"width: 675px; height: 830px;\" border=\"0\">\n<tbody>\n<tr>\n<td>Habitualmente se realizan Talleres que implican diferentes lenguajes art\u00edsticos; as\u00ed como tambi\u00e9n nuestros alumnos comienzan a interactuar con la tecnolog\u00eda, inici\u00e1ndose en el manejo de la computadora.<\/td>\n<td colspan=\"2\">\u00a0<strong style=\"font-size: 16px; text-align: center;\"><img decoding=\"async\" loading=\"lazy\" class=\"aligncenter\" style=\"display: block; margin-left: auto; margin-right: auto;\" title=\"\" src=\"https:\/\/ens3-caba.infd.edu.ar\/sitio\/wp-content\/uploads\/2018\/08\/Inicial_3.jpg\" alt=\"\" width=\"323\" height=\"242\" border=\"0\" \/><\/strong><\/td>\n<\/tr>\n<tr>\n<td colspan=\"2\">\u00a0<img decoding=\"async\" loading=\"lazy\" style=\"border: 0px; display: block; margin-left: auto; margin-right: auto;\" title=\"\" src=\"https:\/\/ens3-caba.infd.edu.ar\/sitio\/wp-content\/uploads\/2018\/08\/Inicial2.jpg\" width=\"200\" height=\"200\" border=\"0\" \/><\/td>\n<td>A partir de diferentes juegos, de escenarios l\u00fadicos\u00a0 ni\u00f1os y ni\u00f1as van adquiriendo saberes que los llevan al aprendizaje.<\/td>\n<\/tr>\n<tr>\n<td>\u00a0<img decoding=\"async\" loading=\"lazy\" style=\"border: 0;\" title=\"\" src=\"https:\/\/ens3-caba.infd.edu.ar\/sitio\/wp-content\/uploads\/2018\/08\/Inicial4.jpg\" width=\"195\" height=\"195\" border=\"0\" \/><\/td>\n<td><img decoding=\"async\" loading=\"lazy\" style=\"border: 0;\" title=\"\" src=\"https:\/\/ens3-caba.infd.edu.ar\/sitio\/wp-content\/uploads\/2018\/08\/Inicial1.jpg\" width=\"200\" height=\"200\" border=\"0\" \/><\/td>\n<td>\u00a0<img decoding=\"async\" loading=\"lazy\" style=\"border: 0;\" title=\"\" src=\"https:\/\/ens3-caba.infd.edu.ar\/sitio\/wp-content\/uploads\/2018\/08\/Inicial5.jpg\" width=\"204\" height=\"204\" border=\"0\" \/><\/td>\n<\/tr>\n<\/tbody>\n<\/table>\n","protected":false},"excerpt":{"rendered":"<p>Nivel Inicial\u00a0 El Nivel Inicial de la ENS N\u00aa3 cuenta con salas de 3, 4 y 5 a\u00f1os en diferentes modalidades: Jornada Simple: Turno Ma\u00f1ana en el horario de 8,45 hs a 12, 00 hs Turno Tarde en el horario de 13,00 hs a 16,15 hs Jornada Completa: de 8,45 hs a 16,15 hs. El &#8230; <a title=\"Informaci\u00f3n del nivel\" class=\"read-more\" href=\"https:\/\/ens3-caba.infd.edu.ar\/sitio\/informacion-del-nivel\/\" aria-label=\"More on Informaci\u00f3n del nivel\">[+]<\/a><\/p>\n","protected":false},"author":729,"featured_media":0,"parent":0,"menu_order":0,"comment_status":"closed","ping_status":"closed","template":"","meta":[],"acf":[],"_links":{"self":[{"href":"https:\/\/ens3-caba.infd.edu.ar\/sitio\/wp-json\/wp\/v2\/pages\/1252"}],"collection":[{"href":"https:\/\/ens3-caba.infd.edu.ar\/sitio\/wp-json\/wp\/v2\/pages"}],"about":[{"href":"https:\/\/ens3-caba.infd.edu.ar\/sitio\/wp-json\/wp\/v2\/types\/page"}],"author":[{"embeddable":true,"href":"https:\/\/ens3-caba.infd.edu.ar\/sitio\/wp-json\/wp\/v2\/users\/729"}],"replies":[{"embeddable":true,"href":"https:\/\/ens3-caba.infd.edu.ar\/sitio\/wp-json\/wp\/v2\/comments?post=1252"}],"version-history":[{"count":2,"href":"https:\/\/ens3-caba.infd.edu.ar\/sitio\/wp-json\/wp\/v2\/pages\/1252\/revisions"}],"predecessor-version":[{"id":1815,"href":"https:\/\/ens3-caba.infd.edu.ar\/sitio\/wp-json\/wp\/v2\/pages\/1252\/revisions\/1815"}],"wp:attachment":[{"href":"https:\/\/ens3-caba.infd.edu.ar\/sitio\/wp-json\/wp\/v2\/media?parent=1252"}],"curies":[{"name":"wp","href":"https:\/\/api.w.org\/{rel}","templated":true}]}}