{"id":1254,"date":"2018-08-29T14:51:59","date_gmt":"2018-08-29T17:51:59","guid":{"rendered":"https:\/\/ens3-caba.infd.edu.ar\/sitio\/informacion-del-nivel-2\/"},"modified":"2020-09-14T13:05:41","modified_gmt":"2020-09-14T16:05:41","slug":"informacion-del-nivel-2","status":"publish","type":"page","link":"https:\/\/ens3-caba.infd.edu.ar\/sitio\/informacion-del-nivel-2\/","title":{"rendered":"Informaci\u00f3n del nivel"},"content":{"rendered":"<p style=\"text-align: center;\"><strong><span style=\"font-family: arial, helvetica, sans-serif; font-size: 12pt; color: #3366ff;\">Nivel Primario\u00a0<\/span><\/strong><\/p>\n<hr style=\"height: 3px; width: 600px;\" size=\"3\" width=\"600\" \/>\n<p><iframe loading=\"lazy\" width=\"1200\" height=\"675\" src=\"https:\/\/www.youtube.com\/embed\/PUoS6OY0Ggg?feature=oembed\" frameborder=\"0\" allow=\"accelerometer; autoplay; encrypted-media; gyroscope; picture-in-picture\" allowfullscreen><\/iframe><\/p>\n<p style=\"text-align: justify;\"><span style=\"font-family: arial, helvetica, sans-serif; font-size: 10pt;\">La propuesta de educaci\u00f3n formal para ni\u00f1os de 6 a 12 a\u00f1os de <strong>Jornada Completa<\/strong>\u00a0 \u00a0es de<strong> 7.45 a 15.45 hs.\u00a0<\/strong><\/span><\/p>\n<p style=\"text-align: justify;\"><span style=\"font-family: arial, helvetica, sans-serif; font-size: 10pt;\">Adem\u00e1s de Pr\u00e1cticas del Lenguaje, Matem\u00e1tica, Ciencias Naturales y Ciencias Sociales, en la escuela los alumnos aprenden idioma extranjero contando con dos niveles (b\u00e1sico y avanzado) en los dos \u00faltimos a\u00f1os de escolaridad primaria.<\/span><\/p>\n<p style=\"text-align: justify;\"><span style=\"font-family: arial, helvetica, sans-serif; font-size: 10pt;\">Contamos con una sala de inform\u00e1tica donde tanto alumnos como docentes pueden acceder a todas las herramientas tecnol\u00f3gicas para incorporar a sus clases.<\/span><\/p>\n<p style=\"text-align: justify;\"><span style=\"font-family: arial, helvetica, sans-serif; font-size: 10pt;\">Materias como pl\u00e1stica, tecnolog\u00eda, m\u00fasica y educaci\u00f3n f\u00edsica completan la carga horaria en todos los grados.<\/span><\/p>\n<p><span style=\"font-family: arial, helvetica, sans-serif; font-size: 10pt;\"><img decoding=\"async\" style=\"display: block; margin-left: auto; margin-right: auto;\" title=\"\" src=\"https:\/\/ens3-caba.infd.edu.ar\/sitio\/wp-content\/uploads\/2018\/08\/Prim1.jpg\" width=\"400\" border=\"0\" \/><\/span><\/p>\n<p style=\"text-align: justify;\"><span style=\"font-family: arial, helvetica, sans-serif; font-size: 10pt;\">Los alumnos de cuarto grado participan de Plan de Nataci\u00f3n.<\/span><\/p>\n<p><span style=\"font-family: arial, helvetica, sans-serif; font-size: 10pt;\"><img decoding=\"async\" loading=\"lazy\" style=\"border: 0px; display: block; margin-left: auto; margin-right: auto;\" title=\"\" src=\"https:\/\/ens3-caba.infd.edu.ar\/sitio\/wp-content\/uploads\/2018\/08\/prim3.jpg\" width=\"297\" height=\"528\" border=\"0\" \/><\/span><\/p>\n<p style=\"text-align: justify;\"><span style=\"font-family: arial, helvetica, sans-serif; font-size: 10pt;\">Los grados superiores participan todos los a\u00f1os de torneos intercolegiales de futbol, voley y h\u00e1ndbol.<\/span><\/p>\n<p><span style=\"font-family: arial, helvetica, sans-serif; font-size: 10pt;\"><img decoding=\"async\" style=\"border: 0px; display: block; margin-left: auto; margin-right: auto;\" title=\"\" src=\"https:\/\/ens3-caba.infd.edu.ar\/sitio\/wp-content\/uploads\/2018\/08\/prim5.jpg\" width=\"300\" border=\"0\" \/><\/span><\/p>\n<p style=\"text-align: justify;\"><span style=\"font-family: arial, helvetica, sans-serif; font-size: 10pt;\">Durante todo el a\u00f1o se realizan experiencias did\u00e1cticas que enriquecen el proceso de aprendizaje de los alumnos.<\/span><\/p>\n<table style=\"margin-left: auto; margin-right: auto;\" border=\"0\">\n<tbody>\n<tr>\n<td><img decoding=\"async\" loading=\"lazy\" style=\"border: 0;\" title=\"\" src=\"https:\/\/ens3-caba.infd.edu.ar\/sitio\/wp-content\/uploads\/2018\/08\/prim2.jpg\" width=\"237\" height=\"178\" border=\"0\" \/><\/td>\n<td><img decoding=\"async\" loading=\"lazy\" style=\"border: 0;\" title=\"\" src=\"https:\/\/ens3-caba.infd.edu.ar\/sitio\/wp-content\/uploads\/2018\/08\/prim4.jpg\" width=\"228\" height=\"171\" border=\"0\" \/><\/td>\n<\/tr>\n<\/tbody>\n<\/table>\n<p style=\"text-align: justify;\"><span style=\"font-family: arial, helvetica, sans-serif; font-size: 10pt;\">Todos cuentan con netbooks suministradas por el Plan Sarmiento<\/span><\/p>\n<p style=\"text-align: justify;\"><span style=\"font-family: arial, helvetica, sans-serif; font-size: 10pt;\">\u00a0La oferta educativa diversificada brinda la posibilidad de profundizar en un \u00e1rea del conocimiento. Programas especiales (integraci\u00f3n, recuperaci\u00f3n y aceleraci\u00f3n) permiten la plena inclusi\u00f3n educativa.<\/span><\/p>\n<p><span style=\"font-family: arial, helvetica, sans-serif; font-size: 10pt;\">\u00a0<\/span><\/p>\n","protected":false},"excerpt":{"rendered":"<p>Nivel Primario\u00a0 La propuesta de educaci\u00f3n formal para ni\u00f1os de 6 a 12 a\u00f1os de Jornada Completa\u00a0 \u00a0es de 7.45 a 15.45 hs.\u00a0 Adem\u00e1s de Pr\u00e1cticas del Lenguaje, Matem\u00e1tica, Ciencias Naturales y Ciencias Sociales, en la escuela los alumnos aprenden idioma extranjero contando con dos niveles (b\u00e1sico y avanzado) en los dos \u00faltimos a\u00f1os de &#8230; <a title=\"Informaci\u00f3n del nivel\" class=\"read-more\" href=\"https:\/\/ens3-caba.infd.edu.ar\/sitio\/informacion-del-nivel-2\/\" aria-label=\"More on Informaci\u00f3n del nivel\">[+]<\/a><\/p>\n","protected":false},"author":729,"featured_media":0,"parent":0,"menu_order":0,"comment_status":"closed","ping_status":"closed","template":"","meta":[],"acf":[],"_links":{"self":[{"href":"https:\/\/ens3-caba.infd.edu.ar\/sitio\/wp-json\/wp\/v2\/pages\/1254"}],"collection":[{"href":"https:\/\/ens3-caba.infd.edu.ar\/sitio\/wp-json\/wp\/v2\/pages"}],"about":[{"href":"https:\/\/ens3-caba.infd.edu.ar\/sitio\/wp-json\/wp\/v2\/types\/page"}],"author":[{"embeddable":true,"href":"https:\/\/ens3-caba.infd.edu.ar\/sitio\/wp-json\/wp\/v2\/users\/729"}],"replies":[{"embeddable":true,"href":"https:\/\/ens3-caba.infd.edu.ar\/sitio\/wp-json\/wp\/v2\/comments?post=1254"}],"version-history":[{"count":3,"href":"https:\/\/ens3-caba.infd.edu.ar\/sitio\/wp-json\/wp\/v2\/pages\/1254\/revisions"}],"predecessor-version":[{"id":1982,"href":"https:\/\/ens3-caba.infd.edu.ar\/sitio\/wp-json\/wp\/v2\/pages\/1254\/revisions\/1982"}],"wp:attachment":[{"href":"https:\/\/ens3-caba.infd.edu.ar\/sitio\/wp-json\/wp\/v2\/media?parent=1254"}],"curies":[{"name":"wp","href":"https:\/\/api.w.org\/{rel}","templated":true}]}}