{"id":1256,"date":"2018-08-29T14:52:00","date_gmt":"2018-08-29T17:52:00","guid":{"rendered":"https:\/\/ens3-caba.infd.edu.ar\/sitio\/informacion-e-inscripcion\/"},"modified":"2020-03-02T11:01:26","modified_gmt":"2020-03-02T14:01:26","slug":"informacion-e-inscripcion","status":"publish","type":"page","link":"https:\/\/ens3-caba.infd.edu.ar\/sitio\/informacion-e-inscripcion\/","title":{"rendered":"Informaci\u00f3n e Inscripci\u00f3n"},"content":{"rendered":"<p style=\"text-align: center;\"><strong><span style=\"font-family: 'book antiqua', palatino; font-size: 12pt;\">115 a\u00f1os \u201cEducando para la Libertad\u201d<\/span><\/strong><\/p>\n<hr style=\"height: 2px; width: 550px;\" size=\"2\" width=\"550\" \/>\n<h5><strong><span style=\"font-family: 'book antiqua', palatino; font-size: 12pt;\">Informaci\u00f3n e Inscripci\u00f3n<\/span><\/strong><\/p>\n<p><span style=\"font-family: 'book antiqua', palatino; font-size: 10pt;\"><strong>Informaci\u00f3n<\/strong><\/span><\/p>\n<p><span style=\"font-family: 'book antiqua', palatino; font-size: 10pt;\">La Ley de Educaci\u00f3n Nacional establece que la Educaci\u00f3n Secundaria es obligatoria.<\/span><\/p>\n<p><span style=\"font-family: 'book antiqua', palatino; font-size: 10pt;\">La Escuela Normal Superior N\u00b0 3 cuenta con nivel inicial, primario, secundario y terciario.<\/span><\/p>\n<p><span style=\"font-family: 'book antiqua', palatino; font-size: 10pt;\">El Nivel Secundario \u00a0se desarrolla en el turno ma\u00f1ana.<\/span><\/p>\n<p><span style=\"font-family: 'book antiqua', palatino; font-size: 10pt;\">A partir del a\u00f1o 2015 comienza la Nueva Escuela Secundaria (<a href=\"http:\/\/www.buenosaires.gob.ar\/areas\/educacion\/nes.php\">NES<\/a>)<\/span><\/p>\n<p>A partir del a\u00f1o 2019 comienza a implementarse la <a href=\"https:\/\/www.buenosaires.gob.ar\/educacion\/secundaria-del-futuro\"><strong>Secundaria del Futuro<\/strong><\/a><\/p>\n<p><span style=\"font-family: 'book antiqua', palatino; font-size: 10pt;\">En cumplimiento \u00a0a la normativa nacional y jurisdiccional, nuestra escuela ofrece:\u00a0<\/span><\/h5>\n<ul type=\"disc\">\n<li><span style=\"font-family: 'book antiqua', palatino; font-size: 10pt;\">Un ciclo b\u00e1sico de dos a\u00f1os de duraci\u00f3n, que comprende el 1\u00ba y el 2\u00ba a\u00f1o de la Formaci\u00f3n General de la escuela media y para todas las orientaciones ( Ingl\u00e9s, Franc\u00e9s e Italiano)<\/span><\/li>\n<li><span style=\"font-family: 'book antiqua', palatino; font-size: 10pt;\">\u00a0Un Ciclo Orientado\u00a0 pudiendo optar por:<\/span>\n<ul type=\"circle\">\n<li><span style=\"font-family: 'book antiqua', palatino; font-size: 10pt;\">Bachillerato Orientado en Educaci\u00f3n<\/span><\/li>\n<li><span style=\"font-family: 'book antiqua', palatino; font-size: 10pt;\">Bachillerato Orientado en Ciencias Naturales<\/span><\/li>\n<li><span style=\"font-family: 'book antiqua', palatino; font-size: 10pt;\">Bachillerato Orientado en Turismo<\/span><\/li>\n<\/ul>\n<\/li>\n<\/ul>\n<h5><span style=\"font-family: 'book antiqua', palatino; font-size: 10pt;\">\u00a0La Educaci\u00f3n Secundaria debe garantizar una formaci\u00f3n integral a los estudiantes y\u00a0 preparar con una formaci\u00f3n b\u00e1sica com\u00fan para ingresar en la formaci\u00f3n orientada.<\/span><\/p>\n<p><span style=\"font-family: 'book antiqua', palatino; font-size: 10pt;\">\u00a0Por lo cual tiene la finalidad de habilitar a los\/las adolescentes y j\u00f3venes para el ejercicio pleno de la ciudadan\u00eda, para el trabajo y para la continuaci\u00f3n de estudios.<\/span><\/p>\n<p><span style=\"font-family: 'book antiqua', palatino; font-size: 10pt;\">Los estudiantes cuentan con numerosos recursos que optimizan su trayectoria escolar en horarios extra-clase. Entre ellos pueden optar por clases de apoyo y consulta, por aprobar sus materias previas por parciales; tambi\u00e9n pueden participar de talleres de Coro o de la Banda de la Escuela; ampliar sus conocimientos con talleres de idiomas y\/o desarrollar sus aptitudes deportivas. La oferta este a\u00f1o se enriqueci\u00f3 con talleres de reciclado y grabado.<\/span><\/p>\n<p><span style=\"font-family: 'book antiqua', palatino; font-size: 10pt;\">Adem\u00e1s pueden utilizarse estos espacios de idiomas para recibir el acompa\u00f1amiento para obtener\u00a0 la certificaci\u00f3n \u00a0<a href=\"http:\/\/www.buenosaires.gob.ar\/areas\/educacion\/programas\/cle\">CLE <\/a>que el Ministerio de Educaci\u00f3n del GCBA ofrece a todos los alumnos\/alumnas que est\u00e9n cursando sus estudios en escuelas de gesti\u00f3n estatal y privada de la Ciudad de Buenos Aires que acrediten sus conocimientos en\u00a0<strong>alem\u00e1n, chino, franc\u00e9s, ingl\u00e9s, italiano y portugu\u00e9s<\/strong>. Dicha certificaci\u00f3n es de car\u00e1cter\u00a0<strong>gratuito<\/strong>\u00a0y\u00a0<strong>optativo.<\/strong><\/span><\/p>\n<p><span style=\"font-family: 'book antiqua', palatino; font-size: 10pt;\">Se trabaja con los programas del Ministerio de Educaci\u00f3n del Gobierno de la Ciudad como el Programa de Retenci\u00f3n de alunas madres, padres y embarazadas, entre otros,\u00a0 para disminuir el abandono y el fracaso escolar.\u00a0<\/span><\/p>\n<p><span style=\"font-family: 'book antiqua', palatino; font-size: 10pt;\"><strong>Inscripci\u00f3n<\/strong><\/span><\/p>\n<p><span style=\"font-family: 'book antiqua', palatino; font-size: 10pt;\">El sistema de inscripci\u00f3n es On-Line seg\u00fan los requisitos que establece el Gobierno de la Ciudad Aut\u00f3noma de Buenos Aires para todos aquellos\u00a0 aspirantes a ingresar a nuestro establecimiento.<\/span><\/p>\n<p>https:\/\/www.buenosaires.gob.ar\/educacion\/estudiantes\/inscripcionescolar\/secundario<\/p>\n<p><span style=\"font-family: 'book antiqua', palatino; font-size: 10pt;\">El tr\u00e1mite lo puede realizar el padre\/madre, tutor o responsable del solicitante, en caso de ser menor de edad. Los mayores de edad pueden realizarlo sin intermediarios.<\/span><\/p>\n<p><span style=\"font-family: 'book antiqua', palatino; font-size: 10pt;\">Una vez confirmada la vacante deber\u00e1n presentar la documentaci\u00f3n requerida \u00a0(en carpeta de tres solapas) para validar dicha inscripci\u00f3n en la Secretar\u00eda de la escuela de 9 a 11 horas.<\/span><\/p>\n<p><span style=\"font-family: 'book antiqua', palatino; font-size: 10pt;\">La fecha de inscripci\u00f3n se encuentra sujeta a las disposiciones del GCBA.<\/span><\/p>\n<p><span style=\"font-family: 'book antiqua', palatino; font-size: 10pt;\"><strong>Secretar\u00eda al Tel.: 011-4361-8965 \u00f3 Vicedirecci\u00f3n al Tel.: 011-4361-7617<\/strong><\/span><\/h5>\n","protected":false},"excerpt":{"rendered":"<p>115 a\u00f1os \u201cEducando para la Libertad\u201d Informaci\u00f3n e Inscripci\u00f3n Informaci\u00f3n La Ley de Educaci\u00f3n Nacional establece que la Educaci\u00f3n Secundaria es obligatoria. La Escuela Normal Superior N\u00b0 3 cuenta con nivel inicial, primario, secundario y terciario. El Nivel Secundario \u00a0se desarrolla en el turno ma\u00f1ana. A partir del a\u00f1o 2015 comienza la Nueva Escuela Secundaria &#8230; <a title=\"Informaci\u00f3n e Inscripci\u00f3n\" class=\"read-more\" href=\"https:\/\/ens3-caba.infd.edu.ar\/sitio\/informacion-e-inscripcion\/\" aria-label=\"More on Informaci\u00f3n e Inscripci\u00f3n\">[+]<\/a><\/p>\n","protected":false},"author":729,"featured_media":0,"parent":0,"menu_order":0,"comment_status":"closed","ping_status":"closed","template":"","meta":[],"acf":[],"_links":{"self":[{"href":"https:\/\/ens3-caba.infd.edu.ar\/sitio\/wp-json\/wp\/v2\/pages\/1256"}],"collection":[{"href":"https:\/\/ens3-caba.infd.edu.ar\/sitio\/wp-json\/wp\/v2\/pages"}],"about":[{"href":"https:\/\/ens3-caba.infd.edu.ar\/sitio\/wp-json\/wp\/v2\/types\/page"}],"author":[{"embeddable":true,"href":"https:\/\/ens3-caba.infd.edu.ar\/sitio\/wp-json\/wp\/v2\/users\/729"}],"replies":[{"embeddable":true,"href":"https:\/\/ens3-caba.infd.edu.ar\/sitio\/wp-json\/wp\/v2\/comments?post=1256"}],"version-history":[{"count":2,"href":"https:\/\/ens3-caba.infd.edu.ar\/sitio\/wp-json\/wp\/v2\/pages\/1256\/revisions"}],"predecessor-version":[{"id":1929,"href":"https:\/\/ens3-caba.infd.edu.ar\/sitio\/wp-json\/wp\/v2\/pages\/1256\/revisions\/1929"}],"wp:attachment":[{"href":"https:\/\/ens3-caba.infd.edu.ar\/sitio\/wp-json\/wp\/v2\/media?parent=1256"}],"curies":[{"name":"wp","href":"https:\/\/api.w.org\/{rel}","templated":true}]}}