{"id":1277,"date":"2018-08-29T14:52:09","date_gmt":"2018-08-29T17:52:09","guid":{"rendered":"https:\/\/ens3-caba.infd.edu.ar\/sitio\/programas\/"},"modified":"2024-08-06T10:03:29","modified_gmt":"2024-08-06T13:03:29","slug":"programas","status":"publish","type":"page","link":"https:\/\/ens3-caba.infd.edu.ar\/sitio\/programas\/","title":{"rendered":"PROGRAMAS"},"content":{"rendered":"<p style=\"text-align: center;\">\n<p style=\"text-align: center;\">\n<p style=\"text-align: center;\"><strong>CICLO B\u00c1SICO<\/strong><\/p>\n<p><a title=\"PROGRAMA 2012\" href=\"upload\/activpracticas_2.pdf\" target=\"_blank\" rel=\"noopener\">Actividades Pr\u00e1cticas_2\u00ba<\/a><\/p>\n<p><a title=\"PROGRAMAS 2014\" href=\"upload\/Cultura_Musical_1__Programa_2014.pdf\" target=\"_blank\" rel=\"noopener\">Cultura Musical_1\u00b0<\/a><\/p>\n<p><a title=\"PROGRAMAS 2014\" href=\"upload\/Cultura_Musical_2__Programa_2014.pdf\" target=\"_blank\" rel=\"noopener\">Cultura Musical_2\u00b0<\/a><\/p>\n<p><a title=\"PROGRAMA 2012\" href=\"upload\/Biologia_1.pdf\" target=\"_blank\" rel=\"noopener\">Ciencias Biol\u00f3gicas_1\u00ba<\/a><\/p>\n<p><a title=\"PROGRAMA 2012\" href=\"upload\/Biologia_2.pdf\" target=\"_blank\" rel=\"noopener\">Ciencias Biol\u00f3gicas_2\u00ba<\/a><\/p>\n<p><a title=\"PROGRAMA 2012\" href=\"upload\/Biologia_3.pdf\" target=\"_blank\" rel=\"noopener\">Ciencias Biol\u00f3gicas_3\u00ba<\/a><\/p>\n<p><a title=\"PROGRAMA 2012\" href=\"upload\/economiaycontabilidad_3.pdf\" target=\"_blank\" rel=\"noopener\">Econom\u00eda y Contabilidad_3\u00ba<\/a><\/p>\n<p><a title=\"PROGRAMA 2012\" href=\"upload\/educacioncivica_1_CB.pdf\" target=\"_blank\" rel=\"noopener\">Educaci\u00f3n C\u00edvica_1\u00ba<\/a><\/p>\n<p><a title=\"PROGRAMA 2012\" href=\"upload\/educacioncivica_2_CB.pdf\" target=\"_blank\" rel=\"noopener\">Educaci\u00f3n C\u00edvica_2\u00ba<\/a><\/p>\n<p><a title=\"PROGRAMA 2012\" href=\"upload\/educacioncivica_3_CB.pdf\" target=\"_blank\" rel=\"noopener\">Educaci\u00f3n C\u00edvica_3\u00ba<\/a><\/p>\n<p><a title=\"PROGRAMA 2012\" href=\"upload\/Educacion_Estetica_PLASTICA_1.pdf\" target=\"_blank\" rel=\"noopener\">Educaci\u00f3n Est\u00e9tica_Pl\u00e1stica_1\u00ba<\/a><\/p>\n<p><a title=\"PROGRAMA 2012\" href=\"upload\/Educacion_Estetica_PLASTICA_2..pdf\" target=\"_blank\" rel=\"noopener\">Educaci\u00f3n Est\u00e9tica_Pl\u00e1stica_2\u00ba<\/a><\/p>\n<p><a title=\"PROGRAMA 2012 \" href=\"upload\/Educacion_Estetica__PLASTICA_3.pdf\" target=\"_blank\" rel=\"noopener\">Educaci\u00f3n Est\u00e9tica_Pl\u00e1stica_3\u00ba<\/a><\/p>\n<p><a title=\"PROGRAMA 2012\" href=\"upload\/edfisica1y2.pdf\" target=\"_blank\" rel=\"noopener\">Educaci\u00f3n F\u00edsica_1\u00ba y 2\u00ba<\/a><\/p>\n<p><a title=\"PROGRAMA 2012\" href=\"upload\/edfisica_3.pdf\" target=\"_blank\" rel=\"noopener\">Educaci\u00f3n F\u00edsica_3\u00ba<\/a><\/p>\n<p><a title=\"PROGRAMA 2012\" href=\"upload\/FisicoQuimica_3.pdf\" target=\"_blank\" rel=\"noopener\">F\u00edsico &#8211; Qu\u00edmica_3\u00ba<\/a><\/p>\n<p><a title=\"PROGRAMAS\" href=\"upload\/FRANCES_1_Programa_2014.pdf\" target=\"_blank\" rel=\"noopener\">Franc\u00e9s_1\u00b0<\/a><\/p>\n<p><a title=\"PROGRAMAS 2014\" href=\"upload\/FRANCES_2__Programa__2014.pdf\" target=\"_blank\" rel=\"noopener\">Franc\u00e9s_2\u00b0<\/a><\/p>\n<p><a title=\"PROGRAMAS 2014\" href=\"upload\/FRANCES_3__Programa__2014.pdf\" target=\"_blank\" rel=\"noopener\">Franc\u00e9s_3\u00b0<\/a><\/p>\n<p><a title=\"PROGRAMA 2012\" href=\"upload\/geografia_1.pdf\" target=\"_blank\" rel=\"noopener\">Geograf\u00eda_1\u00ba<\/a><\/p>\n<p><a title=\"PROGRAMA 2012\" href=\"upload\/gegografia_2.pdf\" target=\"_blank\" rel=\"noopener\">Geograf\u00eda_2\u00ba<\/a><\/p>\n<p><a title=\"PROGRAMA 2012\" href=\"upload\/geografia_3.pdf\" target=\"_blank\" rel=\"noopener\">Geograf\u00eda_3\u00ba<\/a><\/p>\n<p><a title=\"PROGRAMA 2012\" href=\"upload\/historia_1.pdf\" target=\"_blank\" rel=\"noopener\">Historia_1\u00ba<\/a><\/p>\n<p><a title=\"PROGRAMA 2012\" href=\"upload\/historia_2.pdf\" target=\"_blank\" rel=\"noopener\">Historia_2\u00ba<\/a><\/p>\n<p><a title=\"PROGRAMA 2012\" href=\"upload\/historia_3.pdf\" target=\"_blank\" rel=\"noopener\">Historia_3\u00ba<\/a><\/p>\n<p><a title=\"PROGRAMAS 2014\" href=\"upload\/INGLES_1_Programa_2014.pdf\" target=\"_blank\" rel=\"noopener\">Ingles_1\u00ba<\/a><\/p>\n<p><a title=\"PROGRAMAS 2014\" href=\"upload\/INGLES_2_Programa__2014.pdf\" target=\"_blank\" rel=\"noopener\">Ingl\u00e9s_2\u00b0<\/a><\/p>\n<p><a title=\"PROGRAMAS 2014\" href=\"upload\/INGLES_3_Programa__2014.pdf\" target=\"_blank\" rel=\"noopener\">Ingl\u00e9s_3\u00ba<\/a><\/p>\n<p><a title=\"PROGRAMAS 2014\" href=\"upload\/Italiano_13_Programa_2014.pdf\" target=\"_blank\" rel=\"noopener\">Italiano_1\u00b0<\/a><\/p>\n<p><a title=\"PROGRAMAS 2014\" href=\"upload\/ITALIANO_23_Programa_2014.pdf\" target=\"_blank\" rel=\"noopener\">Italiano_2\u00b0<\/a><\/p>\n<p><a title=\"PROGRAMAS 2014\" href=\"upload\/ITALIANO_32_Programa__2014.pdf\" target=\"_blank\" rel=\"noopener\">Italiano_3\u00b0<\/a><\/p>\n<p><a title=\"PROGRAMA 2012\" href=\"upload\/Matematica_1.pdf\" target=\"_blank\" rel=\"noopener\">Matem\u00e1tica_1\u00ba<\/a><\/p>\n<p><a title=\"PROGRAMA 2012\" href=\"upload\/Matematica_2.pdf\" target=\"_blank\" rel=\"noopener\">Matem\u00e1tica_2\u00ba<\/a><\/p>\n<p><a title=\"PROGRAMA 2012\" href=\"upload\/Matematica_3.pdf\" target=\"_blank\" rel=\"noopener\">Matem\u00e1tica_3\u00ba<\/a><\/p>\n<p><a title=\"PROGRAMA 2012\" href=\"upload\/tecnologia_1.pdf\" target=\"_blank\" rel=\"noopener\">Tecnolog\u00eda_1\u00ba<\/a><\/p>\n<hr \/>\n<p style=\"text-align: center;\"><strong>BACHILLERATO &#8211; ORIENTACI\u00d3N DOCENTE<\/strong><\/p>\n<p style=\"text-align: left;\"><a title=\"PROGRAMAS 2014\" href=\"upload\/Musica_5_BOD_2014.pdf\" target=\"_blank\" rel=\"noopener\">Apreciaci\u00f3n Musical_5\u00b0_BOD<\/a><strong><br \/>\n<\/strong><\/p>\n<p style=\"text-align: left;\"><a title=\"PROGRAMAS 2014\" href=\"upload\/Biologia_4to_BOD_2014.pdf\" target=\"_blank\" rel=\"noopener\">Biololog\u00eda_4\u00ba_BOD<\/a><\/p>\n<p><a title=\"PROGRAMAS 2014\" href=\"upload\/Ed_Civica_5_BOD_2014.pdf\" target=\"_blank\" rel=\"noopener\">Educaci\u00f3n C\u00edvica_5\u00ba_BOD<\/a><\/p>\n<p><a title=\"PROGRAMA 2012\" href=\"upload\/edfisica4y5.pdf\" target=\"_blank\" rel=\"noopener\">Educaci\u00f3n F\u00edsica_4\u00ba y 5\u00ba_BOD<\/a><\/p>\n<p>Educaci\u00f3n Pl\u00e1stica_4\u00b0_BOD<\/p>\n<p><a title=\"PROGRAMAS 2014\" href=\"upload\/Fisica_4_BOD_2014.pdf\" target=\"_blank\" rel=\"noopener\">F\u00edsica_4\u00ba_BOD<\/a><\/p>\n<p><a title=\"PROGRAMAS 2014\" href=\"upload\/FRANCES_4_BOD_Programa_2014.pdf\" target=\"_blank\" rel=\"noopener\">Franc\u00e9s_4\u00ba_BOD<\/a><\/p>\n<p><a title=\"PROGRAMAS 2014\" href=\"upload\/FRANCES_5_BOD_Programa_2014.pdf\" target=\"_blank\" rel=\"noopener\">Franc\u00e9s_5\u00ba_BOD<\/a><\/p>\n<p><a title=\"PROGRAMAS 2014\" href=\"upload\/Fund_Educ_4_BOD_2014.pdf\" target=\"_blank\" rel=\"noopener\">Fundamentos de la Educaci\u00f3n_4\u00ba_BOD<\/a><\/p>\n<p><a title=\"PROGRAMAS 2014\" href=\"upload\/Geo_Pol_Econ_Arg_5_BOD_2014.pdf\" target=\"_blank\" rel=\"noopener\">Geograf\u00eda Pol\u00edtica y Econ\u00f3mica de Argentina_5\u00ba_BOD<\/a><\/p>\n<p><a title=\"PROGRAMA 2012\" href=\"upload\/Historia_4_BOD.pdf\" target=\"_blank\" rel=\"noopener\">Historia_4\u00ba_BOD<\/a><\/p>\n<p><a title=\"PROGRAMAS 2014\" href=\"upload\/Hist_Soc_Educa_5_BOD_2014.pdf\" target=\"_blank\" rel=\"noopener\">Historia Social de la Educaci\u00f3n_5\u00ba_BOD<\/a><\/p>\n<p><a title=\"PROGRAMAS 2014\" href=\"upload\/INGLES_4BOD_Programa_2014.pdf\" target=\"_blank\" rel=\"noopener\">Ingl\u00e9s_4\u00ba_BOD<\/a><\/p>\n<p><a title=\"PROGRAMAS 2014\" href=\"upload\/INGLES_5_BOD_Programa_2014.pdf\" target=\"_blank\" rel=\"noopener\">Ingl\u00e9s_5\u00ba_BOD<\/a><\/p>\n<p><a title=\"PROGRAMAS 2014\" href=\"upload\/ITALIANO_4BOD__Programa__2014.pdf\" target=\"_blank\" rel=\"noopener\">Italiano_4\u00ba_BOD<\/a><\/p>\n<p><a title=\"PROGRAMAS 2014\" href=\"upload\/ITALIANO_5BOD_Programa__2014.pdf\" target=\"_blank\" rel=\"noopener\">Italiano_5\u00ba_BOD<\/a><\/p>\n<p><a title=\"PROGRAMA 2013\" href=\"upload\/litaratura%205%BA_bod_2013.pdf\" target=\"_blank\" rel=\"noopener\">Lengua y Literatura_5\u00ba_BOD<\/a><\/p>\n<p><a title=\"PROGRAMAS 2014\" href=\"upload\/Literatura_4_BOD_2014.pdf\" target=\"_blank\" rel=\"noopener\">Literatura_4\u00ba_BOD<\/a><\/p>\n<p><a title=\"PROGRAMAS 2014\" href=\"upload\/Logica_5_BOD_2014.pdf\" target=\"_blank\" rel=\"noopener\">L\u00f3gica y Metodolog\u00eda de las Ciencias_5\u00ba_BOD<\/a><\/p>\n<p><a title=\"PROGRAMA 2012\" href=\"upload\/Matematica_4_BOD.pdf\" target=\"_blank\" rel=\"noopener\">Matem\u00e1tica_4\u00ba_BOD<\/a><\/p>\n<p><a title=\"PROGRAMAS 2014\" href=\"upload\/Matematica_5_BOD__2014.pdf\" target=\"_blank\" rel=\"noopener\">Matem\u00e1tica_5\u00ba_BOD<\/a><\/p>\n<p><a title=\"PROGRAMAS 2014\" href=\"upload\/Plastica_4_BOD_2014.pdf\" target=\"_blank\" rel=\"noopener\">Pl\u00e1stica_4\u00ba_BOD<\/a><\/p>\n<p><a title=\"PROGRAMAS 2014\" href=\"upload\/Problemat_filosofica_4_BOD_2014.pdf\" target=\"_blank\" rel=\"noopener\">Problem\u00e1tica Filos\u00f3fica_4\u00ba_BOD<\/a><\/p>\n<p><a title=\"PROGRAMAS 2014\" href=\"upload\/Psico.educacional__5_bod_2014.pdf\" target=\"_blank\" rel=\"noopener\">Psicolog\u00eda Educacional_5\u00ba_BOD<\/a><\/p>\n<p><a title=\"PROGRAMAS 2014\" href=\"upload\/Psicologia_Gral_4_BOD_2014.pdf\" target=\"_blank\" rel=\"noopener\">Psicolog\u00eda General_4\u00ba_BOD<\/a><\/p>\n<p><a title=\"PROGRAMAS 2014\" href=\"upload\/Quimica_5_BOD_2014.pdf\" target=\"_blank\" rel=\"noopener\">Qu\u00edmica_5\u00ba_BOD<\/a><\/p>\n<hr \/>\n<p style=\"text-align: center;\"><strong>BACHILLERATO\u00a0 &#8211;\u00a0 ORIENTACI\u00d3N TURISMO<\/strong><\/p>\n<p style=\"text-align: left;\"><a title=\"PROGRAMAS 2014\" href=\"upload\/4_TUR__Antro_I_2014.pdf\" target=\"_blank\" rel=\"noopener\">Antropolog\u00eda I_4\u00b0_ TUR<\/a><\/p>\n<p style=\"text-align: left;\"><a title=\"PROGRAMAS 2014\" href=\"upload\/Antropo_5__TUR_2014.pdf\" target=\"_blank\" rel=\"noopener\">Antropolog\u00eda II_5\u00b0_TUR<\/a><\/p>\n<p style=\"text-align: left;\"><a title=\"PROGRAMAS 2014\" href=\"upload\/4_TUR__Arte_I_2014.pdf\" target=\"_blank\" rel=\"noopener\">Arte I_4\u00b0_TUR<\/a><\/p>\n<p style=\"text-align: left;\"><a title=\"PROGRAMAS 2014\" href=\"upload\/Arte_II_5_TUR_2014.pdf\" target=\"_blank\" rel=\"noopener\">Arte II_5\u00b0_TUR<\/a><\/p>\n<p style=\"text-align: left;\"><a title=\"PROGRAMAS 2014\" href=\"upload\/Ecolog%EDa_5_TUR_2014.pdf\" target=\"_blank\" rel=\"noopener\">Ecolog\u00eda_5\u00ba_TUR<\/a><\/p>\n<p style=\"text-align: left;\"><a title=\"PROGRAMA 2012\" href=\"upload\/edfisica4y5.pdf\" target=\"_blank\" rel=\"noopener\">Educaci\u00f3n F\u00edsica_4\u00ba y 5\u00ba_TUR<\/a><\/p>\n<p style=\"text-align: left;\"><a title=\"PROGRAMAS 2014\" href=\"upload\/4_TUR__Estad%EDstica_2014.pdf\" target=\"_blank\" rel=\"noopener\">Estad\u00edstica_4\u00b0_TUR<\/a><\/p>\n<p style=\"text-align: left;\"><a title=\"PROGRAMAS 2014\" href=\"upload\/Filosof%EDa_5_TUR_2014.pdf\" target=\"_blank\" rel=\"noopener\">Filosof\u00eda_5\u00b0_TUR<\/a><\/p>\n<p style=\"text-align: left;\"><a title=\"PROGRAMAS 2014\" href=\"upload\/4_TUR__Folcklore_2014.pdf\" target=\"_blank\" rel=\"noopener\">Folklore_4\u00b0_TUR<\/a><\/p>\n<p style=\"text-align: left;\"><a title=\"PROGRAMAS 2014\" href=\"upload\/FRANCES_4_TUR_Programa_2014.pdf\" target=\"_blank\" rel=\"noopener\">Franc\u00e9s_4\u00b0_TUR<\/a><\/p>\n<p style=\"text-align: left;\"><a title=\"PROGRAMAS 2014\" href=\"upload\/FRANCES_5_TUR_Programa_2014.pdf\" target=\"_blank\" rel=\"noopener\">Franc\u00e9s_5\u00ba_TUR<\/a><\/p>\n<p style=\"text-align: left;\"><a title=\"PROGRAMAS 2014\" href=\"upload\/Geo_TUR_5_TUR_2014.pdf\" target=\"_blank\" rel=\"noopener\">Geograf\u00eda_5\u00b0_TUR<\/a><\/p>\n<p style=\"text-align: left;\"><a title=\"PROGRAMAS 2014\" href=\"upload\/4_TUR__Geo._Pol._y_Econ._ARG._2014.pdf\" target=\"_blank\" rel=\"noopener\">Geograf\u00eda Pol\u00edtica y Econom\u00eda Argentina_4\u00b0_TUR<\/a><\/p>\n<p style=\"text-align: left;\"><a title=\"PROGRAMAS 2014\" href=\"upload\/4_TUR__Higiene_2014.pdf\" target=\"_blank\" rel=\"noopener\">Higiene y Educaci\u00f3n para la Salud_4\u00ba_TUR<\/a><\/p>\n<p style=\"text-align: left;\"><a title=\"PROGRAMAS 2014\" href=\"upload\/4_TUR__Ingl%E9s_2014_1.pdf\" target=\"_blank\" rel=\"noopener\">Ingl\u00e9s_4\u00b0_TUR<\/a><\/p>\n<p style=\"text-align: left;\"><a title=\"PROGRAMAS 2014\" href=\"upload\/INGLES_5_TUR_2014.pdf\" target=\"_blank\" rel=\"noopener\">Ingl\u00e9s_5\u00ba_TUR<\/a><\/p>\n<p style=\"text-align: left;\"><a title=\"PROGRAMAS 2014\" href=\"upload\/4_TUR_IES_2014.pdf\" target=\"_blank\" rel=\"noopener\">Introducci\u00f3n al Estudio de la Sociedad I_4\u00b0_TUR<\/a><\/p>\n<p style=\"text-align: left;\"><a title=\"PROGRAMAS 2014\" href=\"upload\/Int._Est._y_Soc._II_51_TUR_2014.pdf\" target=\"_blank\" rel=\"noopener\">Introducci\u00f3n al Escutio de la Sociedad II_5\u00b0_TUR<\/a><\/p>\n<p style=\"text-align: left;\"><a title=\"PROGRAMAS 2014\" href=\"upload\/ITALIANO_4TUR__Programa_2014.pdf\" target=\"_blank\" rel=\"noopener\">Italiano_4\u00b0_TUR<\/a><\/p>\n<p style=\"text-align: left;\"><a title=\"PROGRAMAS 2014\" href=\"upload\/ITALIANO_5TUR_Programa_2014.pdf\" target=\"_blank\" rel=\"noopener\">Italiano_5\u00b0_TUR<\/a><\/p>\n<p style=\"text-align: left;\"><a title=\"PROGRAMAS 2014\" href=\"upload\/Lect._y_Comp._Texto_4_TUR_2014.pdf\" target=\"_blank\" rel=\"noopener\">Lectura y Comprensi\u00f3n de Textos_4\u00b0_TUR<\/a><\/p>\n<p><a title=\"PROGRAMA 2012\" href=\"upload\/PROGR_2012_lecturaycomprentexto_5_TUR.pdf\" target=\"_blank\" rel=\"noopener\">Lectura y Comprensi\u00f3n de Textos_5\u00ba_TUR<\/a><\/p>\n<p><a title=\"PROGRAMAS 2014\" href=\"upload\/Pol._de_Turismo_5_TUR_2014.pdf\" target=\"_blank\" rel=\"noopener\">Pol\u00edticas de Turismo_5\u00b0_TUR<\/a><\/p>\n<p><a title=\"PROGRAMAS 2014\" href=\"upload\/4_TUR__Relev._Tur%EDstico_2014.pdf\" target=\"_blank\" rel=\"noopener\">Relevamiento Tur\u00edstico de Buenos Aires I_4\u00b0_TUR<\/a><\/p>\n<p><a title=\"PROGRAMAS 2014\" href=\"upload\/V%EDas_de_COM_5_TUR_2014.pdf\" target=\"_blank\" rel=\"noopener\">V\u00edas de Comunicaci\u00f3n_5\u00b0_TUR<\/a><\/p>\n<p><strong>\u00a0<\/strong><\/p>\n<hr \/>\n<p style=\"text-align: center;\"><strong>BACHILLERATO\u00a0 &#8211;\u00a0 ORIENTACI\u00d3N BIOLOG\u00cdA<\/strong><\/p>\n<p style=\"text-align: left;\"><a title=\"PROGRAMA 2012\" href=\"upload\/Biologia_4_BIOL.pdf\" target=\"_blank\" rel=\"noopener\">Ciencias Biol\u00f3gicas_4\u00ba_BIOL<\/a><\/p>\n<p style=\"text-align: left;\"><a title=\"PROGRAMA 2012\" href=\"upload\/Ciencias_Biologicas_5_BIOL.pdf\" target=\"_blank\" rel=\"noopener\">Ciencias Biol\u00f3gicas_5\u00ba_BIOL<\/a><\/p>\n<p style=\"text-align: left;\"><a title=\"PROGRAMA 2012\" href=\"upload\/edfisica4y5.pdf\" target=\"_blank\" rel=\"noopener\">Educaci\u00f3n F\u00edsica_4\u00ba y 5\u00ba_BIOL<\/a><\/p>\n<p style=\"text-align: left;\"><a title=\"PROGRAMA 2012\" href=\"upload\/Fisica_4_BIOL.pdf\" target=\"_blank\" rel=\"noopener\">F\u00edsica_4\u00ba_BIOL<\/a><\/p>\n<p style=\"text-align: left;\"><a title=\"PROGRAMA 2012\" href=\"upload\/Fisica_5_BIOL.pdf\" target=\"_blank\" rel=\"noopener\">F\u00edsica_5\u00ba_BIOL<\/a><\/p>\n<p style=\"text-align: left;\"><a title=\"PROGRAMAS 2014\" href=\"upload\/FRANCES_4_BIOL_Programa__2014.pdf\" target=\"_blank\" rel=\"noopener\">Franc\u00e9s_4\u00ba_BIOL<\/a><\/p>\n<p style=\"text-align: left;\"><a title=\"PROGRAMAS 2014\" href=\"upload\/FRANCES_5_BIOL_Programa_2014.pdf\" target=\"_blank\" rel=\"noopener\">Franc\u00e9s_5\u00ba_BIOL<\/a><\/p>\n<p style=\"text-align: left;\"><a title=\"PROGRAMAS 2014\" href=\"upload\/INGLES_4_BIOL_Programa_2014.pdf\" target=\"_blank\" rel=\"noopener\">Ingl\u00e9s_4\u00b0_BIOL<\/a><\/p>\n<p style=\"text-align: left;\"><a title=\"PROGRAMAS 2014\" href=\"upload\/INGLES_5_BIOL_Programa__2014.pdf\" target=\"_blank\" rel=\"noopener\">Ingl\u00e9s_5\u00ba_BIOL<\/a><\/p>\n<p style=\"text-align: left;\"><a title=\"PROGRAMA 2012\" href=\"upload\/Matematica_4_BIOL.pdf\" target=\"_blank\" rel=\"noopener\">Matem\u00e1tica_4\u00ba_BIOL<\/a><\/p>\n<p style=\"text-align: left;\"><a title=\"PROGRAMA 2012\" href=\"upload\/Matematica_5_BIOL.pdf\" target=\"_blank\" rel=\"noopener\">Matem\u00e1tica_5\u00ba_BIOL<\/a><\/p>\n<p style=\"text-align: left;\"><a title=\"PROGRAMA 2012\" href=\"upload\/Quimica_5_BIOL.pdf\" target=\"_blank\" rel=\"noopener\">Qu\u00edmica_5\u00ba_BIOL<\/a><\/p>\n","protected":false},"excerpt":{"rendered":"<p>CICLO B\u00c1SICO Actividades Pr\u00e1cticas_2\u00ba Cultura Musical_1\u00b0 Cultura Musical_2\u00b0 Ciencias Biol\u00f3gicas_1\u00ba Ciencias Biol\u00f3gicas_2\u00ba Ciencias Biol\u00f3gicas_3\u00ba Econom\u00eda y Contabilidad_3\u00ba Educaci\u00f3n C\u00edvica_1\u00ba Educaci\u00f3n C\u00edvica_2\u00ba Educaci\u00f3n C\u00edvica_3\u00ba Educaci\u00f3n Est\u00e9tica_Pl\u00e1stica_1\u00ba Educaci\u00f3n Est\u00e9tica_Pl\u00e1stica_2\u00ba Educaci\u00f3n Est\u00e9tica_Pl\u00e1stica_3\u00ba Educaci\u00f3n F\u00edsica_1\u00ba y 2\u00ba Educaci\u00f3n F\u00edsica_3\u00ba F\u00edsico &#8211; Qu\u00edmica_3\u00ba Franc\u00e9s_1\u00b0 Franc\u00e9s_2\u00b0 Franc\u00e9s_3\u00b0 Geograf\u00eda_1\u00ba Geograf\u00eda_2\u00ba Geograf\u00eda_3\u00ba Historia_1\u00ba Historia_2\u00ba Historia_3\u00ba Ingles_1\u00ba Ingl\u00e9s_2\u00b0 Ingl\u00e9s_3\u00ba Italiano_1\u00b0 Italiano_2\u00b0 Italiano_3\u00b0 Matem\u00e1tica_1\u00ba Matem\u00e1tica_2\u00ba &#8230; <a title=\"PROGRAMAS\" class=\"read-more\" href=\"https:\/\/ens3-caba.infd.edu.ar\/sitio\/programas\/\" aria-label=\"More on PROGRAMAS\">[+]<\/a><\/p>\n","protected":false},"author":729,"featured_media":0,"parent":0,"menu_order":0,"comment_status":"closed","ping_status":"closed","template":"","meta":[],"acf":[],"_links":{"self":[{"href":"https:\/\/ens3-caba.infd.edu.ar\/sitio\/wp-json\/wp\/v2\/pages\/1277"}],"collection":[{"href":"https:\/\/ens3-caba.infd.edu.ar\/sitio\/wp-json\/wp\/v2\/pages"}],"about":[{"href":"https:\/\/ens3-caba.infd.edu.ar\/sitio\/wp-json\/wp\/v2\/types\/page"}],"author":[{"embeddable":true,"href":"https:\/\/ens3-caba.infd.edu.ar\/sitio\/wp-json\/wp\/v2\/users\/729"}],"replies":[{"embeddable":true,"href":"https:\/\/ens3-caba.infd.edu.ar\/sitio\/wp-json\/wp\/v2\/comments?post=1277"}],"version-history":[{"count":1,"href":"https:\/\/ens3-caba.infd.edu.ar\/sitio\/wp-json\/wp\/v2\/pages\/1277\/revisions"}],"predecessor-version":[{"id":2663,"href":"https:\/\/ens3-caba.infd.edu.ar\/sitio\/wp-json\/wp\/v2\/pages\/1277\/revisions\/2663"}],"wp:attachment":[{"href":"https:\/\/ens3-caba.infd.edu.ar\/sitio\/wp-json\/wp\/v2\/media?parent=1277"}],"curies":[{"name":"wp","href":"https:\/\/api.w.org\/{rel}","templated":true}]}}