{"id":1288,"date":"2018-08-29T14:52:15","date_gmt":"2018-08-29T17:52:15","guid":{"rendered":"https:\/\/ens3-caba.infd.edu.ar\/sitio\/regimen-de-calificacion-y-promocion\/"},"modified":"2018-08-29T14:52:15","modified_gmt":"2018-08-29T17:52:15","slug":"regimen-de-calificacion-y-promocion","status":"publish","type":"page","link":"https:\/\/ens3-caba.infd.edu.ar\/sitio\/regimen-de-calificacion-y-promocion\/","title":{"rendered":"R\u00e9gimen de calificaci\u00f3n y promoci\u00f3n"},"content":{"rendered":"<table border=\"1\" cellspacing=\"0\" cellpadding=\"0\" align=\"left\">\n<tbody>\n<tr>\n<td colspan=\"2\" width=\"680\">\n<p><strong>Asignatura<\/strong><\/p>\n<\/td>\n<\/tr>\n<tr>\n<td width=\"340\" valign=\"top\">\n<p><strong>Promoci&oacute;n Directa<\/strong><\/p>\n<\/td>\n<td width=\"340\" valign=\"top\">\n<p><strong>Promoci&oacute;n con Examen Final<\/strong><\/p>\n<\/td>\n<\/tr>\n<tr>\n<td width=\"340\" valign=\"top\">\n<p>&#8211; Aprobar 2 instancias de evaluaci&oacute;n individuales, presenciales y escritas (al menos una de ellas), con una calificaci&oacute;n m&iacute;nima de 7.<\/p>\n<p>&nbsp;&#8211; Alcanzar la condici&oacute;n de alumno regular (75% de asistencia a las clases previstas).<\/p>\n<p>&nbsp;&#8211; Pierden la promoci&oacute;n directa quienes est&eacute;n ausentes en alguna de las instancias de evaluaci&oacute;n o no alcancen la calificaci&oacute;n de 7.<\/p>\n<p>&nbsp;&#8211; En caso de perder la promoci&oacute;n directa se puede dar Examen Final si se mantiene la regularidad y se aprueban las instancias de evaluaci&oacute;n con un m&iacute;nimo de 4.&nbsp;<\/p>\n<\/td>\n<td width=\"340\" valign=\"top\">\n<p>&#8211; Aprobar como m&iacute;nimo un examen parcial individual, escrito y presencial, con un m&iacute;nimo de 4. Se acceder&aacute;&nbsp; a un &uacute;nico examen recuperatorio.<\/p>\n<p>&nbsp;&#8211; Aprobar el total de los trabajos pr&aacute;cticos que el docente determine.<\/p>\n<p>&nbsp;&#8211; Cumplimentar el 75% de asistencia de las clases previstas.<\/p>\n<p>&nbsp;&#8211; Aprobar el examen final, individual, presencial, escrito y\/u oral, ante un tribunal, con un m&iacute;nimo de 4. La calificaci&oacute;n final resultar&aacute; del promedio entre las notas de la cursada y del examen final.<\/p>\n<\/td>\n<\/tr>\n<tr>\n<td colspan=\"2\" width=\"680\">\n<p><strong>Seminario<\/strong><\/p>\n<\/td>\n<\/tr>\n<tr>\n<td colspan=\"2\" width=\"680\" valign=\"top\">\n<p>&#8211; Aprobar la elaboraci&oacute;n y defensa oral de una producci&oacute;n escrita, con un m&iacute;nimo de 7 (siete) puntos cada una.<\/p>\n<p>&nbsp;&#8211; La producci&oacute;n puede ser grupal (no m&aacute;s de 4 integrantes), debe entregarse al t&eacute;rmino de la cursada y ser aprobada como requisito previo para acceder a la defensa oral.<\/p>\n<p>&nbsp;&#8211; Cumplimentar el 75% de asistencia de las clases previstas.<\/p>\n<p>&nbsp;&#8211; La defensa oral ser&aacute; individual, ante el profesor a cargo del seminario.<\/p>\n<\/td>\n<\/tr>\n<tr>\n<td colspan=\"2\" width=\"680\">\n<p><strong>Taller <\/strong><\/p>\n<p><strong>(Incluye el Taller 1 y los Talleres de Dise&ntilde;o del CFPD)<\/strong><\/p>\n<\/td>\n<\/tr>\n<tr>\n<td colspan=\"2\" width=\"680\" valign=\"top\">\n<p>&#8211; Aprobar la presentaci&oacute;n de todas las producciones individuales y\/o grupales, con un m&iacute;nimo de 7, seg&uacute;n condiciones establecidas en cada taller.<\/p>\n<p>&nbsp;&#8211; Cumplimentar el 85% de asistencia de las clases previstas.<\/p>\n<p>&nbsp;&#8211; La calificaci&oacute;n final resultar&aacute; del promedio entre las calificaciones obtenidas en las diferentes producciones.<\/p>\n<\/td>\n<\/tr>\n<tr>\n<td colspan=\"2\" width=\"680\">\n<p><strong>Trabajo de campo<\/strong><\/p>\n<\/td>\n<\/tr>\n<tr>\n<td colspan=\"2\" width=\"680\" valign=\"top\">\n<p>&#8211; Aprobar la elaboraci&oacute;n de una producci&oacute;n escrita y su presentaci&oacute;n p&uacute;blica (en las condiciones determinadas por la instituci&oacute;n) con un m&iacute;nimo de 7.<\/p>\n<p>&nbsp;&#8211; Cumplimentar el 75% de asistencia.<\/p>\n<\/td>\n<\/tr>\n<tr>\n<td colspan=\"2\" width=\"680\" valign=\"top\">\n<p><strong>Ateneo<\/strong><\/p>\n<\/td>\n<\/tr>\n<tr>\n<td colspan=\"2\" width=\"680\" valign=\"top\">\n<p>&#8211; Presentar una producci&oacute;n escrita con propuestas de mejora vinculadas con el tema tratado, que se aprueba con un m&iacute;nimo de 7.<\/p>\n<p>&nbsp;&#8211; Cumplimentar el 85% de asistencia.<\/p>\n<\/td>\n<\/tr>\n<tr>\n<td colspan=\"2\" width=\"680\" valign=\"top\">\n<p><strong>Taller 2 del CFPD<\/strong><\/p>\n<\/td>\n<\/tr>\n<tr>\n<td colspan=\"2\" width=\"680\" valign=\"top\">\n<p>&#8211; Aprobar con un m&iacute;nimo de 7 las producciones establecidas por la c&aacute;tedra.<\/p>\n<p>&nbsp;&#8211; Cumplimentar el 85% de asistencia de las clases previstas.<\/p>\n<p>&nbsp;&#8211; Cumplimentar el 100% de asistencia del per&iacute;odo de pasant&iacute;a pudi&eacute;ndose. Pueden recuperarse las ausencias por motivos justificados.<\/p>\n<\/td>\n<\/tr>\n<tr>\n<td colspan=\"2\" width=\"680\" valign=\"top\">\n<p><strong>Talleres 3, 4, 5 y 6 del CFPD<\/strong><\/p>\n<\/td>\n<\/tr>\n<tr>\n<td colspan=\"2\" width=\"680\" valign=\"top\">\n<p>&#8211; La aprobaci&oacute;n, con un m&iacute;nimo de 7, incluye la valoraci&oacute;n integral de las planificaciones, las clases y la participaci&oacute;n en los aspectos pertinentes de la vida institucional, seg&uacute;n los criterios establecidos en cada taller.<\/p>\n<p>&nbsp;&#8211; Cumplimentar el 85% de asistencia a los encuentros previstos en el taller semanal.<\/p>\n<p>&nbsp;&#8211; Cumplimentar el 100% de asistencia del per&iacute;odo de pr&aacute;ctica o residencia. Pueden recuperarse las ausencias por motivos justificados.<\/p>\n<\/td>\n<\/tr>\n<\/tbody>\n<\/table>\n","protected":false},"excerpt":{"rendered":"<p>Asignatura Promoci&oacute;n Directa Promoci&oacute;n con Examen Final &#8211; Aprobar 2 instancias de evaluaci&oacute;n individuales, presenciales y escritas (al menos una de ellas), con una calificaci&oacute;n m&iacute;nima de 7. &nbsp;&#8211; Alcanzar la condici&oacute;n de alumno regular (75% de asistencia a las clases previstas). &nbsp;&#8211; Pierden la promoci&oacute;n directa quienes est&eacute;n ausentes en alguna de las instancias &#8230; <a title=\"R\u00e9gimen de calificaci\u00f3n y promoci\u00f3n\" class=\"read-more\" href=\"https:\/\/ens3-caba.infd.edu.ar\/sitio\/regimen-de-calificacion-y-promocion\/\" aria-label=\"More on R\u00e9gimen de calificaci\u00f3n y promoci\u00f3n\">[+]<\/a><\/p>\n","protected":false},"author":729,"featured_media":0,"parent":0,"menu_order":0,"comment_status":"closed","ping_status":"closed","template":"","meta":[],"acf":[],"_links":{"self":[{"href":"https:\/\/ens3-caba.infd.edu.ar\/sitio\/wp-json\/wp\/v2\/pages\/1288"}],"collection":[{"href":"https:\/\/ens3-caba.infd.edu.ar\/sitio\/wp-json\/wp\/v2\/pages"}],"about":[{"href":"https:\/\/ens3-caba.infd.edu.ar\/sitio\/wp-json\/wp\/v2\/types\/page"}],"author":[{"embeddable":true,"href":"https:\/\/ens3-caba.infd.edu.ar\/sitio\/wp-json\/wp\/v2\/users\/729"}],"replies":[{"embeddable":true,"href":"https:\/\/ens3-caba.infd.edu.ar\/sitio\/wp-json\/wp\/v2\/comments?post=1288"}],"version-history":[{"count":0,"href":"https:\/\/ens3-caba.infd.edu.ar\/sitio\/wp-json\/wp\/v2\/pages\/1288\/revisions"}],"wp:attachment":[{"href":"https:\/\/ens3-caba.infd.edu.ar\/sitio\/wp-json\/wp\/v2\/media?parent=1288"}],"curies":[{"name":"wp","href":"https:\/\/api.w.org\/{rel}","templated":true}]}}