{"id":1293,"date":"2018-08-29T14:52:17","date_gmt":"2018-08-29T17:52:17","guid":{"rendered":"https:\/\/ens3-caba.infd.edu.ar\/sitio\/bedelia\/"},"modified":"2025-09-29T19:36:05","modified_gmt":"2025-09-29T22:36:05","slug":"bedelia","status":"publish","type":"page","link":"https:\/\/ens3-caba.infd.edu.ar\/sitio\/bedelia\/","title":{"rendered":"Bedel\u00eda"},"content":{"rendered":"<h4><strong>Formularios para tr\u00e1mites del estudiante<\/strong><\/h4>\n<h4 style=\"text-align: center;\"><span style=\"color: #ff0000;\"><strong>DURANTE LAS SEMANAS DE MESAS DE EX\u00c1MENES, LA ENTREGA DE CERTIFICADOS DE PORCENTAJE DE MATERIAS APROBADAS NO SER\u00c1 INMEDIATA<\/strong><\/span><\/h4>\n<ul>\n<li>\n<p><a href=\"https:\/\/drive.google.com\/file\/d\/1m2ejuujKbfjFHaV0cc0qHEHInR0xB8Bt\/view?usp=sharing\" target=\"_blank\" rel=\"noopener\">Constancia de alumno regular<\/a><\/p>\n<\/li>\n<\/ul>\n<p><img decoding=\"async\" loading=\"lazy\" class=\"size-full wp-image-2732 aligncenter\" src=\"https:\/\/ens3-caba.infd.edu.ar\/sitio\/wp-content\/uploads\/2025\/09\/Modelo-de-Certificado-de-alumno-regular.jpg\" alt=\"\" width=\"785\" height=\"589\" srcset=\"https:\/\/ens3-caba.infd.edu.ar\/sitio\/wp-content\/uploads\/2025\/09\/Modelo-de-Certificado-de-alumno-regular.jpg 785w, https:\/\/ens3-caba.infd.edu.ar\/sitio\/wp-content\/uploads\/2025\/09\/Modelo-de-Certificado-de-alumno-regular-768x576.jpg 768w\" sizes=\"(max-width: 785px) 100vw, 785px\" \/><\/p>\n<ul>\n<li>\n<p><a href=\"upload\/2013_-_Constancia_de_examen.pdf\" target=\"_blank\" rel=\"noopener\">Constancia de examen<\/a><\/p>\n<\/li>\n<li><a href=\"https:\/\/drive.google.com\/file\/d\/1_RCWr-b-bXI_jqmPXwTykJzy6gVm4IoH\/view?usp=share_link\" target=\"_blank\" rel=\"noopener\">Constancia general<\/a><\/li>\n<li>\n<p><a title=\"Viandas\" href=\"https:\/\/drive.google.com\/file\/d\/1kSidfpG2wREJyEyU_o3Tm0m71lPhBHb3\/view?usp=share_link\" target=\"_blank\" rel=\"noopener\">Solicitud de Refrigerio<\/a> (beca alimentaria)<\/p>\n<\/li>\n<li>\n<p><a href=\"https:\/\/drive.google.com\/file\/d\/1f2UBRurtImADGLLUf71LM13MYtyR25Ee\/view?usp=sharing\" target=\"_blank\" rel=\"noopener\">Solicitud de equivalencias de materias\u00a0 <\/a><a href=\"https:\/\/drive.google.com\/file\/d\/1-SOKnXtbX3aKUJFoRERsXHMPXo0hNKuz\/view?usp=sharing\">&#8211; <\/a><a href=\"https:\/\/drive.google.com\/file\/d\/1-SOKnXtbX3aKUJFoRERsXHMPXo0hNKuz\/view?usp=sharing\" target=\"_blank\" rel=\"noopener\">(descargar formulario)<\/a><\/p>\n<\/li>\n<li><a href=\"https:\/\/drive.google.com\/file\/d\/1opLluNVnpGl2Aj7-5Vps0aj6vWd0Ob5n\/view?usp=sharing\" target=\"_blank\" rel=\"noopener\">Solicitud de porcentaje de materias<\/a><\/li>\n<li><a href=\"https:\/\/drive.google.com\/file\/d\/1Q3TPxy22Cmm3ysGjhnVVkkpIxzhwq1s7\/view?usp=sharing\" target=\"_blank\" rel=\"noopener\">Solicitud de programas para equivalencias<\/a><\/li>\n<\/ul>\n<h4 class=\"entry-title\">Tr\u00e1mites presenciales<\/h4>\n<blockquote>\n<p>Ficha acad\u00e9mica \u2013 Historia acad\u00e9mica<br \/>Libreta<br \/>Porcentaje de materias aprobadas<br \/>Certificado de estudios parciales<\/p>\n<\/blockquote>\n<h4><strong>Graduados<\/strong><\/h4>\n<ul>\n<li><a href=\"https:\/\/drive.google.com\/file\/d\/12wrl-EUCHgehKkRCxaZfplHRPDViF6HH\/view?usp=sharing\" target=\"_blank\" rel=\"noopener\">Instructivo y formulario de solicitud de t\u00edtulo.<\/a><\/li>\n<li>\n<p>El Ministerio de Educaci\u00f3n de la Naci\u00f3n comenz\u00f3 a implementar el nuevo Sistema Federal de T\u00edtulos Digital que elimina su emisi\u00f3n en papel para los certificados de estudios completos de la educaci\u00f3n secundaria y superior de todo el pa\u00eds.<\/p>\n<p>Con el nuevo sistema las egresadas y egresados de todo el pa\u00eds recibir\u00e1n su t\u00edtulo de manera \u00e1gil y segura mediante una direcci\u00f3n web (URL) en la que podr\u00e1n visualizarlo y donde quedar\u00e1 resguardado para evitar la p\u00e9rdida de documentos y la generaci\u00f3n de duplicados.<\/p>\n<p>Siguiendo el enlace que te enviaremos llegar\u00e1s a visualizar tu t\u00edtulo y podr\u00e1s vincularlo en la aplicaci\u00f3n MI ARGENTINA<\/p>\n<\/li>\n<\/ul>\n<h4>Duplicado o extrav\u00edo de t\u00edtulo<\/h4>\n<ul>\n<li>En caso de que necesites un duplicado del t\u00edtulo por rotura o extrav\u00edo, deb\u00e9s acercarte a la Bedel\u00eda de la ENS N\u00ba3 con la <strong>constancia de la denuncia policial<\/strong>.<\/li>\n<\/ul>\n<h4><strong>Estudiantes volantes<\/strong><\/h4>\n<p><strong>Para estudiantes de la instituci\u00f3n<\/strong>:\u00a0<a href=\"https:\/\/drive.google.com\/file\/d\/11tc1hgIyyRskn2jPj5-iSFQenUS_0wOc\/view?usp=share_link\" target=\"_blank\" rel=\"noreferrer noopener\">Imprimir y completar este formulario<\/a>. Traerlo a la Bedel\u00eda para su correspondiente autorizaci\u00f3n.<\/p>\n<p><strong>Para alumnos que eligen la ENS 3:<\/strong> Para poder cursar de Volante en la ENS 3 sede San Telmo te solicitamos que en el d\u00eda indicado por (<a href=\"https:\/\/ens3-caba.infd.edu.ar\/sitio\/agenda-1o-cuatrimestre-2022\/\" target=\"_blank\" rel=\"noopener\">AGENDA EDUCATIVA<\/a>) te acerques con la siguiente documentaci\u00f3n en el turno vespertino.<\/p>\n<ul>\n<li>Autorizaci\u00f3n Disposici\u00f3n 313, firmada y sellada por tu profesorado.<\/li>\n<li>Ficha Acad\u00e9mica (firmada y sellada).<\/li>\n<li>DNI (ambas caras del mismo).<\/li>\n<\/ul>\n<p>Turno Vespertino: 18:00 a 20:00 hs.<\/p>\n<p>Es requisito obligatorio traer esta documentaci\u00f3n para poder acceder a la inscripci\u00f3n a las materias.\u00a0Record\u00e1 chequear en el Horario la oferta de materias<a href=\"https:\/\/ens3a-caba.infd.edu.ar\/sitio\/informacion-para-estudiantes-agenda-y-horarios\/\">.\u00a0<\/a>En la fecha de inscripci\u00f3n pertinente podr\u00e1s optar por los espacios curriculares de acuerdo a la disponibilidad de vacantes.<\/p>\n<h4>Pases<\/h4>\n<p><strong>Para alumnos de la instituci\u00f3n que migran a otro profesorado:<\/strong>\u00a0Acercanos tu constancia de vacante de la instituci\u00f3n que te recibe para que iniciemos tu tr\u00e1mite.<\/p>\n<p><strong>Para estudiantes que eligen nuestro profesorado:<\/strong> Escrib\u00ed una carta dirigida a la Regente, Prof. Mariela Barrea, indicando los motivos por los que solicitas el Pase. Por favor dej\u00e1 registro en ella de tus datos personales y de contacto. Adjunt\u00e1 tu ficha acad\u00e9mica. Entregala personalmente en la instituci\u00f3n. Recibir\u00e1s respuesta a tu mail de contacto. Una vez aceptada tu solicitud de Pase, ven\u00ed a la ENS 3 en el d\u00eda indicado por (<a href=\"https:\/\/ens3-caba.infd.edu.ar\/sitio\/agenda-1o-cuatrimestre-2022\/\" target=\"_blank\" rel=\"noopener\">AGENDA EDUCATIVA<\/a>).<\/p>\n<p>Turno Vespertino: 18:00 a 20:00 hs.<\/p>\n<p><em>Documentaci\u00f3n que ten\u00e9s que traer:<br \/><\/em>-Original y fotocopia de:<\/p>\n<ul>\n<li>DNI<\/li>\n<li>Partida de nacimiento<\/li>\n<li>T\u00edtulo Secundario.<\/li>\n<\/ul>\n<p>-2 fotos color 4\u00d74<br \/>-Folio pl\u00e1stico tama\u00f1o A4<br \/>-Ficha acad\u00e9mica<\/p>\n<h4>Readmisi\u00f3n<\/h4>\n<p>Se solicita en las siguientes situaciones:<\/p>\n<ul>\n<li>Te preinscribiste al profesorado por el sistema de autogesti\u00f3n SIU Guaran\u00ed, validaste con la documentaci\u00f3n tu inscripci\u00f3n pero no hiciste el curso de ingreso y\/o no te anotaste para cursar materias de las carreras.<\/li>\n<\/ul>\n<ul>\n<li>Sos estudiante de nuestra instituci\u00f3n pero perdiste la regularidad al no acreditar ninguna instancia curricular en el \u00faltimo a\u00f1o.<\/li>\n<\/ul>\n<p><strong>\u00bfQu\u00e9 ten\u00e9s que presentar?<\/strong> Al inicio del ciclo lectivo deb\u00e9s entregar una carta dirigida a la Regencia pidiendo la readmisi\u00f3n a las carreras. <a href=\"https:\/\/drive.google.com\/file\/d\/1I4qrWr39fyejTQDiK4w4EtsQ-6jq_OgP\/view?usp=drive_link\" target=\"_blank\" rel=\"noopener\">Ac\u00e1 te dejamos un modelo que pod\u00e9s imprimir y completar\u00a0<\/a>para entregar en Bedel\u00eda\u00a0<strong>por duplicado<\/strong>, as\u00ed te queda una copia de recibido. Las autoridades evaluar\u00e1n tu caso y te lo comunicar\u00e1n por correo electr\u00f3nico.<\/p>\n<p>Por resoluci\u00f3n del Consejo Directivo, la readmisi\u00f3n\u00a0<strong>se puede pedir<\/strong>\u00a0<strong>hasta el 28 de febrero de 2025 para volver a cursar durante el 1\u00b0 cuatrimestre de 2025; y hasta el 30 de mayo de 2025, para cursar en el 2\u00b0 cuatrimestre de 2025.<\/strong>\u00a0Si solicit\u00e1s la readmisi\u00f3n despu\u00e9s del 30 de mayo de 2025 podr\u00e1s volver a cursar el 1\u00b0 cuatrimestre de 2026.<\/p>\n<h5><strong>Libreta\u00a0<\/strong><\/h5>\n<p>La libreta es un documento de registro personal. Es necesaria para presentarse a rendir ex\u00e1menes finales y para votar en las elecciones institucionales.<br \/>La pod\u00e9s comprar en la Bedel\u00eda por $5000 en efectivo. Es condici\u00f3n para venderte la libreta que hayas entregado la constancia de t\u00edtulo en tr\u00e1mite o tu t\u00edtulo de Secundaria legalizado. Ten\u00e9s tiempo de hacerlo hasta el 31 de mayo.<br \/>Como todo documento, los datos no pueden estar tachados ni enmendados. Us\u00e1 tinta azul para completarla, seg\u00fan la imagen aqu\u00ed abajo.<br \/><img decoding=\"async\" loading=\"lazy\" class=\"\" src=\"https:\/\/ens3a-caba.infd.edu.ar\/sitio\/wp-content\/uploads\/2024\/04\/libreta.png\" width=\"503\" height=\"339\" \/> <img decoding=\"async\" loading=\"lazy\" class=\"alignnone  wp-image-2736\" src=\"https:\/\/ens3-caba.infd.edu.ar\/sitio\/wp-content\/uploads\/2025\/09\/Libreta.jpg\" alt=\"\" width=\"437\" height=\"337\" srcset=\"https:\/\/ens3-caba.infd.edu.ar\/sitio\/wp-content\/uploads\/2025\/09\/Libreta.jpg 1000w, https:\/\/ens3-caba.infd.edu.ar\/sitio\/wp-content\/uploads\/2025\/09\/Libreta-768x591.jpg 768w\" sizes=\"(max-width: 437px) 100vw, 437px\" \/><\/p>\n<p>Dej\u00e1 la libreta en Bedel\u00eda nuevamente para ser sellada y firmada por las autoridades correspondientes.<\/p>\n<h5>E-Mails de contacto<\/h5>\n<p>TURNO VESPERTINO SAN TELMO<\/p>\n<p><a href=\"mailto:ens3bedeliasantelmo@gmail.com\">ens3bedeliasantelmo@gmail.com<\/a><\/p>\n<h2><strong>\u00bfC\u00f3mo escribir un mail?<\/strong><\/h2>\n<ol>\n<li>Abr\u00ed el servicio de mensajer\u00eda que utilices habitualmente.<\/li>\n<li>Detall\u00e1 la direcci\u00f3n de mail a qui\u00e9n te dirig\u00eds.<\/li>\n<li>Us\u00e1 el Asunto para clarar qu\u00e9 carrera est\u00e1s cursando (lo pod\u00e9s abreviar como PEP, para el Profesorado de Educaci\u00f3n Primaria; o PEI, para el Profesorado de Educaci\u00f3n Inicial) y tu apellido. En el Asunto NO SE ESCRIBE EL DETALLE DE TU MENSAJE.<\/li>\n<li>Us\u00e1 el cuerpo del correo electr\u00f3nico para detallar cu\u00e1l es tu necesidad o duda. No te olvides de presentarte con tu nombre y apellido completo, tu n\u00famero de DNI y la carrera que est\u00e1s cursando. Esta informaci\u00f3n nos sirve para ayudarte mejor en la respuesta que te demos.<\/li>\n<\/ol>\n\n\n<figure class=\"wp-block-image size-full\"><img decoding=\"async\" loading=\"lazy\" width=\"1000\" height=\"563\" src=\"https:\/\/ens3-caba.infd.edu.ar\/sitio\/wp-content\/uploads\/2025\/09\/image.png\" alt=\"\" class=\"wp-image-2734\" srcset=\"https:\/\/ens3-caba.infd.edu.ar\/sitio\/wp-content\/uploads\/2025\/09\/image.png 1000w, https:\/\/ens3-caba.infd.edu.ar\/sitio\/wp-content\/uploads\/2025\/09\/image-768x432.png 768w\" sizes=\"(max-width: 1000px) 100vw, 1000px\" \/><\/figure>\n","protected":false},"excerpt":{"rendered":"<p>Formularios para tr\u00e1mites del estudiante DURANTE LAS SEMANAS DE MESAS DE EX\u00c1MENES, LA ENTREGA DE CERTIFICADOS DE PORCENTAJE DE MATERIAS APROBADAS NO SER\u00c1 INMEDIATA Constancia de alumno regular Constancia de examen Constancia general Solicitud de Refrigerio (beca alimentaria) Solicitud de equivalencias de materias\u00a0 &#8211; (descargar formulario) Solicitud de porcentaje de materias Solicitud de programas para &#8230; <a title=\"Bedel\u00eda\" class=\"read-more\" href=\"https:\/\/ens3-caba.infd.edu.ar\/sitio\/bedelia\/\" aria-label=\"More on Bedel\u00eda\">[+]<\/a><\/p>\n","protected":false},"author":729,"featured_media":0,"parent":0,"menu_order":0,"comment_status":"closed","ping_status":"closed","template":"","meta":[],"acf":[],"_links":{"self":[{"href":"https:\/\/ens3-caba.infd.edu.ar\/sitio\/wp-json\/wp\/v2\/pages\/1293"}],"collection":[{"href":"https:\/\/ens3-caba.infd.edu.ar\/sitio\/wp-json\/wp\/v2\/pages"}],"about":[{"href":"https:\/\/ens3-caba.infd.edu.ar\/sitio\/wp-json\/wp\/v2\/types\/page"}],"author":[{"embeddable":true,"href":"https:\/\/ens3-caba.infd.edu.ar\/sitio\/wp-json\/wp\/v2\/users\/729"}],"replies":[{"embeddable":true,"href":"https:\/\/ens3-caba.infd.edu.ar\/sitio\/wp-json\/wp\/v2\/comments?post=1293"}],"version-history":[{"count":53,"href":"https:\/\/ens3-caba.infd.edu.ar\/sitio\/wp-json\/wp\/v2\/pages\/1293\/revisions"}],"predecessor-version":[{"id":2739,"href":"https:\/\/ens3-caba.infd.edu.ar\/sitio\/wp-json\/wp\/v2\/pages\/1293\/revisions\/2739"}],"wp:attachment":[{"href":"https:\/\/ens3-caba.infd.edu.ar\/sitio\/wp-json\/wp\/v2\/media?parent=1293"}],"curies":[{"name":"wp","href":"https:\/\/api.w.org\/{rel}","templated":true}]}}