{"id":1308,"date":"2018-08-29T14:52:22","date_gmt":"2018-08-29T17:52:22","guid":{"rendered":"https:\/\/ens3-caba.infd.edu.ar\/sitio\/consejo-directivo\/"},"modified":"2024-05-13T20:32:25","modified_gmt":"2024-05-13T23:32:25","slug":"consejo-directivo","status":"publish","type":"page","link":"https:\/\/ens3-caba.infd.edu.ar\/sitio\/consejo-directivo\/","title":{"rendered":"Consejo Directivo"},"content":{"rendered":"<p style=\"text-align: center;\"><span style=\"font-family: arial, helvetica, sans-serif; font-size: 10pt;\"><strong>CONSEJO DIRECTIVO<\/strong><\/span><\/p>\n<hr style=\"height: 3px; width: 600px;\" size=\"3\" width=\"600\" \/>\n<p style=\"text-align: center;\"><strong>CLAUSTRO DE DOCENTES<\/strong><\/p>\n<p style=\"text-align: center;\"><em>Titulares:<br \/>\n<\/em><span style=\"font-weight: 400;\">Prof. Celeste Perez Michielli<br \/>\nProf. Omar Mur\u00faa<\/span><\/p>\n<p style=\"text-align: center;\"><em>Suplentes:<br \/>\n<\/em><span style=\"font-weight: 400;\">Prof. Mar\u00eda Vanina Sanna<\/span><br \/>\n<span style=\"font-weight: 400;\">Prof. Rosana In\u00e9s Brufal<\/span><\/p>\n<p style=\"text-align: center;\"><strong>CLAUSTRO ESTUDIANTES\u00a0<\/strong><\/p>\n<p style=\"text-align: center;\"><em>Titulares:<br \/>\n<\/em><span style=\"font-weight: 400;\">Florencia Andrea Ib\u00e1\u00f1ez <\/span><br \/>\n<span style=\"font-weight: 400;\">Giuliana Scarano<\/span><\/p>\n<p style=\"text-align: center;\"><em>Suplentes:<\/em><br \/>\n<span style=\"font-weight: 400;\">Ignacio Petunchi <\/span><br \/>\n<span style=\"font-weight: 400;\">Aldana Gomez<\/span><br \/>\n<span style=\"font-weight: 400;\">Cecilia Fernandez<\/span><br \/>\n<span style=\"font-weight: 400;\">Pablo Fridman<\/span><\/p>\n<p style=\"text-align: center;\"><strong>CLAUSTRO DE GRADUADOS<\/strong><\/p>\n<p style=\"text-align: center;\"><em>Titulares:<\/em><br \/>\nProf. Mar\u00eda Manolios<\/p>\n<p style=\"text-align: center;\"><em>Suplentes:<br \/>\n<\/em>Prof. Maitena Barboza<\/p>\n<p style=\"text-align: center;\">\n","protected":false},"excerpt":{"rendered":"<p>CONSEJO DIRECTIVO CLAUSTRO DE DOCENTES Titulares: Prof. Celeste Perez Michielli Prof. Omar Mur\u00faa Suplentes: Prof. Mar\u00eda Vanina Sanna Prof. Rosana In\u00e9s Brufal CLAUSTRO ESTUDIANTES\u00a0 Titulares: Florencia Andrea Ib\u00e1\u00f1ez Giuliana Scarano Suplentes: Ignacio Petunchi Aldana Gomez Cecilia Fernandez Pablo Fridman CLAUSTRO DE GRADUADOS Titulares: Prof. Mar\u00eda Manolios Suplentes: Prof. Maitena Barboza<\/p>\n","protected":false},"author":729,"featured_media":0,"parent":0,"menu_order":0,"comment_status":"closed","ping_status":"closed","template":"","meta":[],"acf":[],"_links":{"self":[{"href":"https:\/\/ens3-caba.infd.edu.ar\/sitio\/wp-json\/wp\/v2\/pages\/1308"}],"collection":[{"href":"https:\/\/ens3-caba.infd.edu.ar\/sitio\/wp-json\/wp\/v2\/pages"}],"about":[{"href":"https:\/\/ens3-caba.infd.edu.ar\/sitio\/wp-json\/wp\/v2\/types\/page"}],"author":[{"embeddable":true,"href":"https:\/\/ens3-caba.infd.edu.ar\/sitio\/wp-json\/wp\/v2\/users\/729"}],"replies":[{"embeddable":true,"href":"https:\/\/ens3-caba.infd.edu.ar\/sitio\/wp-json\/wp\/v2\/comments?post=1308"}],"version-history":[{"count":4,"href":"https:\/\/ens3-caba.infd.edu.ar\/sitio\/wp-json\/wp\/v2\/pages\/1308\/revisions"}],"predecessor-version":[{"id":2632,"href":"https:\/\/ens3-caba.infd.edu.ar\/sitio\/wp-json\/wp\/v2\/pages\/1308\/revisions\/2632"}],"wp:attachment":[{"href":"https:\/\/ens3-caba.infd.edu.ar\/sitio\/wp-json\/wp\/v2\/media?parent=1308"}],"curies":[{"name":"wp","href":"https:\/\/api.w.org\/{rel}","templated":true}]}}