{"id":1316,"date":"2018-08-29T14:52:26","date_gmt":"2018-08-29T17:52:26","guid":{"rendered":"https:\/\/ens3-caba.infd.edu.ar\/sitio\/correlatividades-ingresantes\/"},"modified":"2023-08-25T20:00:49","modified_gmt":"2023-08-25T23:00:49","slug":"correlatividades-ingresantes","status":"publish","type":"page","link":"https:\/\/ens3-caba.infd.edu.ar\/sitio\/correlatividades-ingresantes\/","title":{"rendered":"Correlatividades &#8211; Cohortes A\u00f1os 2016 en adelante"},"content":{"rendered":"<div>\n<table style=\"width: 690px;\" border=\"2\">\n<thead>\n<tr>\n<td style=\"width: 672px;\" colspan=\"4\"><strong>PROFESORADO DE EDUCACI\u00d3N PRIMARIA<\/strong><\/td>\n<\/tr>\n<tr>\n<td style=\"width: 94px;\"><strong>Campo formativo<\/strong><\/td>\n<td style=\"width: 240px;\"><strong>Para cursar<\/strong><\/td>\n<td style=\"width: 137px;\"><strong>Deber\u00e1 tener cursada<\/strong><\/td>\n<td style=\"width: 201px;\"><strong>Deber\u00e1 tener aprobada<\/strong><\/td>\n<\/tr>\n<\/thead>\n<tbody>\n<tr>\n<td style=\"width: 94px;\" rowspan=\"14\"><strong>Campo de la formaci\u00f3n general<\/strong><\/td>\n<td style=\"width: 240px;\">Pedagog\u00eda<\/td>\n<td style=\"width: 137px;\">&nbsp;<\/td>\n<td style=\"width: 201px;\">&nbsp;<\/td>\n<\/tr>\n<tr>\n<td style=\"width: 240px;\">Psicolog\u00eda educacional<\/td>\n<td style=\"width: 137px;\">&nbsp;<\/td>\n<td style=\"width: 201px;\">&nbsp;<\/td>\n<\/tr>\n<tr>\n<td style=\"width: 240px;\">Historia social y pol\u00edtica de la educaci\u00f3n argentina<\/td>\n<td style=\"width: 137px;\">&nbsp;<\/td>\n<td style=\"width: 201px;\">&nbsp;<\/td>\n<\/tr>\n<tr>\n<td style=\"width: 240px;\">Instituciones educativas<\/td>\n<td style=\"width: 137px;\">&nbsp;<\/td>\n<td style=\"width: 201px;\">&nbsp;Taller I CFPD<\/td>\n<\/tr>\n<tr>\n<td style=\"width: 240px;\">Filosof\u00eda y Educaci\u00f3n<\/td>\n<td style=\"width: 137px;\">&nbsp;<\/td>\n<td style=\"width: 201px;\">&nbsp;<\/td>\n<\/tr>\n<tr>\n<td style=\"width: 240px;\">Did\u00e1ctica I<\/td>\n<td style=\"width: 137px;\">&nbsp;<\/td>\n<td style=\"width: 201px;\">&nbsp;<\/td>\n<\/tr>\n<tr>\n<td style=\"width: 240px;\">Did\u00e1ctica II<\/td>\n<td style=\"width: 137px;\">Did\u00e1ctica I<\/td>\n<td style=\"width: 201px;\">Para promocionar en forma directa deber\u00e1 tener aprobada Did\u00e1ctica I<\/td>\n<\/tr>\n<tr>\n<td style=\"width: 240px;\">Nuevos escenarios: cultura, tecnolog\u00eda y subjetividad<\/td>\n<td style=\"width: 137px;\">&nbsp;<\/td>\n<td style=\"width: 201px;\">&nbsp;<\/td>\n<\/tr>\n<tr>\n<td style=\"width: 240px;\">Trabajo docente<\/td>\n<td style=\"width: 137px;\">&nbsp;<\/td>\n<td style=\"width: 201px;\">Taller I y II CFPD<\/td>\n<\/tr>\n<tr>\n<td style=\"width: 240px;\">Nuevas tecnolog\u00edas<\/td>\n<td style=\"width: 137px;\">&nbsp;<\/td>\n<td style=\"width: 201px;\">&nbsp;<\/td>\n<\/tr>\n<tr>\n<td style=\"width: 240px;\">Educaci\u00f3n sexual integral<\/td>\n<td style=\"width: 137px;\">&nbsp;<\/td>\n<td style=\"width: 201px;\">&nbsp;<\/td>\n<\/tr>\n<tr>\n<td style=\"width: 240px;\">Trabajo de campo: experiencias de investigaci\u00f3n educativa<\/td>\n<td style=\"width: 137px;\">&nbsp;<\/td>\n<td style=\"width: 201px;\">Taller I y II CFPD<\/td>\n<\/tr>\n<tr>\n<td style=\"width: 240px;\">Lenguajes art\u00edsticos expresivos I<\/td>\n<td style=\"width: 137px;\">&nbsp;<\/td>\n<td style=\"width: 201px;\">&nbsp;<\/td>\n<\/tr>\n<tr>\n<td style=\"width: 240px;\">Lenguajes art\u00edsticos expresivos II<\/td>\n<td style=\"width: 137px;\">&nbsp;<\/td>\n<td style=\"width: 201px;\">&nbsp;<\/td>\n<\/tr>\n<tr>\n<td style=\"width: 94px;\" rowspan=\"18\"><strong>Campo de la formaci\u00f3n espec\u00edfica<\/strong><\/td>\n<td style=\"width: 240px;\">Ense\u00f1anza de la Matem\u00e1tica I<\/td>\n<td style=\"width: 137px;\">&nbsp;<\/td>\n<td style=\"width: 201px;\">&nbsp;<\/td>\n<\/tr>\n<tr>\n<td style=\"width: 240px;\">Ense\u00f1anza de la Matem\u00e1tica II<\/td>\n<td style=\"width: 137px;\">Ense\u00f1anza de la Matem\u00e1tica I<\/td>\n<td style=\"width: 201px;\">&nbsp;<\/td>\n<\/tr>\n<tr>\n<td style=\"width: 240px;\">Ense\u00f1anza de la Matem\u00e1tica III<\/td>\n<td style=\"width: 137px;\">Ense\u00f1anza de la Matem\u00e1tica II<\/td>\n<td style=\"width: 201px;\">Ense\u00f1anza de la Matem\u00e1tica I<\/td>\n<\/tr>\n<tr>\n<td style=\"width: 240px;\">Seminario de Matem\u00e1tica en el 2\u00ba ciclo<\/td>\n<td style=\"width: 137px;\"><strong>Cursada o cursando:<\/strong> Ense\u00f1anza de la Matem\u00e1tica III<\/td>\n<td style=\"width: 201px;\">Ense\u00f1anza de la Matem\u00e1tica II<\/td>\n<\/tr>\n<tr>\n<td style=\"width: 240px;\">Ense\u00f1anza de las Pr\u00e1cticas del Lenguaje I<\/td>\n<td style=\"width: 137px;\">&nbsp;<\/td>\n<td style=\"width: 201px;\">&nbsp;<\/td>\n<\/tr>\n<tr>\n<td style=\"width: 240px;\">Ense\u00f1anza de las Pr\u00e1cticas del Lenguaje II<\/td>\n<td style=\"width: 137px;\">Ense\u00f1anza de las Pr\u00e1cticas del Lenguaje I<\/td>\n<td style=\"width: 201px;\">&nbsp;<\/td>\n<\/tr>\n<tr>\n<td style=\"width: 240px;\">Literatura en la Educaci\u00f3n primaria<\/td>\n<td style=\"width: 137px;\">&nbsp;<\/td>\n<td style=\"width: 201px;\">Ense\u00f1anza de las Pr\u00e1cticas del Lenguaje I<\/td>\n<\/tr>\n<tr>\n<td style=\"width: 240px;\">Alfabetizaci\u00f3n Inicial<\/td>\n<td style=\"width: 137px;\">Ense\u00f1anza de las Pr\u00e1cticas del Lenguaje II<\/td>\n<td style=\"width: 201px;\">Ense\u00f1anza de las Pr\u00e1cticas del Lenguaje I<\/td>\n<\/tr>\n<tr>\n<td style=\"width: 240px;\">Ense\u00f1anza de las Ciencias Naturales I<\/td>\n<td style=\"width: 137px;\">&nbsp;<\/td>\n<td style=\"width: 201px;\">&nbsp;<\/td>\n<\/tr>\n<tr>\n<td style=\"width: 240px;\">Ense\u00f1anza de las Ciencias Naturales II<\/td>\n<td style=\"width: 137px;\">Ense\u00f1anza de las Ciencias Naturales I<\/td>\n<td style=\"width: 201px;\">&nbsp;<\/td>\n<\/tr>\n<tr>\n<td style=\"width: 240px;\">Ense\u00f1anza de las Ciencias Naturales III<\/td>\n<td style=\"width: 137px;\">Ense\u00f1anza de las Ciencias Naturales I<\/td>\n<td style=\"width: 201px;\">&nbsp;<\/td>\n<\/tr>\n<tr>\n<td style=\"width: 240px;\">Ense\u00f1anza de las Ciencias Sociales I<\/td>\n<td style=\"width: 137px;\">&nbsp;<\/td>\n<td style=\"width: 201px;\">&nbsp;<\/td>\n<\/tr>\n<tr>\n<td style=\"width: 240px;\">Ense\u00f1anza de las Ciencias Sociales II<\/td>\n<td style=\"width: 137px;\">Ense\u00f1anza de las Ciencias Sociales I<\/td>\n<td style=\"width: 201px;\">&nbsp;<\/td>\n<\/tr>\n<tr>\n<td style=\"width: 240px;\">Ense\u00f1anza de las Ciencias Sociales III<\/td>\n<td style=\"width: 137px;\">Ense\u00f1anza de las Ciencias Sociales II<\/td>\n<td style=\"width: 201px;\">Ense\u00f1anza de las Ciencias Sociales I<\/td>\n<\/tr>\n<tr>\n<td style=\"width: 240px;\">\u00c9tica, Derechos Humanos y Construcci\u00f3n de ciudadan\u00edas en la educaci\u00f3n primaria<\/td>\n<td style=\"width: 137px;\">&nbsp;<\/td>\n<td style=\"width: 201px;\">&nbsp;<\/td>\n<\/tr>\n<tr>\n<td style=\"width: 240px;\">Sujetos de la Educaci\u00f3n primaria<\/td>\n<td style=\"width: 137px;\">Psicolog\u00eda educacional<\/td>\n<td style=\"width: 201px;\">&nbsp;<\/td>\n<\/tr>\n<tr>\n<td style=\"width: 240px;\">Las TIC en la educaci\u00f3n primaria<\/td>\n<td style=\"width: 137px;\">&nbsp;<\/td>\n<td style=\"width: 201px;\">Nuevas Tecnolog\u00edas<\/p>\n<p>Taller III CFPD<\/td>\n<\/tr>\n<tr>\n<td style=\"width: 240px;\">Problem\u00e1ticas de la Educaci\u00f3n Primaria<\/td>\n<td style=\"width: 137px;\">&nbsp;<\/td>\n<td style=\"width: 201px;\">&nbsp;<\/td>\n<\/tr>\n<tr>\n<td style=\"width: 94px;\" rowspan=\"6\"><strong>Campo de la formaci\u00f3n en la pr\u00e1ctica profesional<\/strong><\/td>\n<td style=\"width: 240px;\">Taller 1: Construir miradas sobre las pr\u00e1cticas docentes \/ Experiencias de campo en instituciones educativas<\/td>\n<td style=\"width: 137px;\">&nbsp;<\/td>\n<td style=\"width: 201px;\">&nbsp;<\/td>\n<\/tr>\n<tr>\n<td style=\"width: 240px;\">Taller 2: Construir miradas sobre las situaciones de ense\u00f1anza &nbsp;\/ Experiencias de campo en el aula<\/td>\n<td style=\"width: 137px;\">Did\u00e1ctica I<\/td>\n<td style=\"width: 201px;\">Taller 1 CFPD<\/td>\n<\/tr>\n<tr>\n<td style=\"width: 240px;\">Taller 3 \/ Pr\u00e1cticas de la ense\u00f1anza I<\/td>\n<td style=\"width: 137px;\">Did\u00e1ctica II<\/p>\n<p>Sujetos de la Educaci\u00f3n Primaria<\/p>\n<p>&nbsp;<\/td>\n<td style=\"width: 201px;\">Taller 1 y Taller 2 CFPD<\/p>\n<p>Did\u00e1ctica I<\/p>\n<p><strong>Al menos dos de los siguientes espacios curriculares:<\/strong><\/p>\n<p>Ense\u00f1anza de la Matem\u00e1tica I<\/p>\n<p>Ense\u00f1anza de las pr\u00e1cticas del lenguaje I<\/p>\n<p>Ense\u00f1anza de las Ciencias Sociales I<\/p>\n<p>Ense\u00f1anza de las Ciencias Naturales I<\/td>\n<\/tr>\n<tr>\n<td style=\"width: 240px;\">Taller 4 \/ Pr\u00e1ctica de la Ense\u00f1anza II<\/td>\n<td style=\"width: 137px;\">&nbsp;<\/p>\n<p>&nbsp;<\/p>\n<p>&nbsp;<\/td>\n<td style=\"width: 201px;\">Taller 3 CFPD<\/p>\n<p>Did\u00e1ctica II<\/p>\n<p>Sujetos de la Educaci\u00f3n Primaria.<\/p>\n<p>Ense\u00f1anza de la Matem\u00e1tica I<\/p>\n<p>Ense\u00f1anza de las pr\u00e1cticas del lenguaje I<\/p>\n<p>Ense\u00f1anza de las Ciencias Sociales I<\/p>\n<p>Ense\u00f1anza de las Ciencias Naturales I&nbsp;<\/td>\n<\/tr>\n<tr>\n<td style=\"width: 240px;\">Taller 5 , &nbsp;Residencia I<\/td>\n<td style=\"width: 137px;\"><strong>Cursada o cursando:<\/strong><\/p>\n<p>Ense\u00f1anza de la Matem\u00e1tica III<\/p>\n<p>Ense\u00f1anza de las Ciencias Sociales III<\/p>\n<p>Ense\u00f1anza de las Ciencias Naturales II&nbsp;\u00f3 III<\/p>\n<p>Alfabetizaci\u00f3n inicial<\/p>\n<p>Matem\u00e1tica en el segundo ciclo<\/p>\n<p>Literatura en la educaci\u00f3n primaria<\/p>\n<p><strong>Cursando:<\/strong><\/p>\n<p>Dos Talleres de dise\u00f1o de Proyectos de Ense\u00f1anza<\/td>\n<td style=\"width: 201px;\">Taller 4 CFPD<\/p>\n<p>Ense\u00f1anza de la Matem\u00e1tica II<\/p>\n<p>Ense\u00f1anza de las pr\u00e1cticas del lenguaje II<\/p>\n<p>Ense\u00f1anza de las Ciencias Sociales II<\/p>\n<p>Ense\u00f1anza de las Ciencias Naturales II \u00f3 III<\/p>\n<p>\u00c9tica, Derechos Humanos y construcci\u00f3n de ciudadan\u00eda<\/td>\n<\/tr>\n<tr>\n<td style=\"width: 240px;\">Taller 6,&nbsp; Residencia II<\/td>\n<td style=\"width: 137px;\"><strong>Cursadas:<\/strong><\/p>\n<p>Ense\u00f1anza de la Matem\u00e1tica III<\/p>\n<p>Ense\u00f1anza de las Ciencias Sociales III<\/p>\n<p>Ense\u00f1anza de las Ciencias Naturales II \u00f3 III<\/p>\n<p>Alfabetizaci\u00f3n inicial<\/p>\n<p>Matem\u00e1tica en el segundo ciclo<\/p>\n<p>Literatura en la educaci\u00f3n primaria<\/p>\n<p><strong>Cursando:<\/strong><\/p>\n<p>Dos Talleres de dise\u00f1o de Proyectos de Ense\u00f1anza<\/td>\n<td style=\"width: 201px;\">Taller 5 CFPD<\/p>\n<p>Dos Talleres de dise\u00f1o de Proyectos de Ense\u00f1anza<\/td>\n<\/tr>\n<\/tbody>\n<\/table>\n<div>\n<p>* Para poder inscribirse en el R\u00e9gimen de promoci\u00f3n directa de cualquier instancia curricular, deber\u00e1 tener aprobada\/s sus correspondientes correlativas&nbsp;<\/p>\n<\/div>\n<\/div>\n","protected":false},"excerpt":{"rendered":"<p>PROFESORADO DE EDUCACI\u00d3N PRIMARIA Campo formativo Para cursar Deber\u00e1 tener cursada Deber\u00e1 tener aprobada Campo de la formaci\u00f3n general Pedagog\u00eda &nbsp; &nbsp; Psicolog\u00eda educacional &nbsp; &nbsp; Historia social y pol\u00edtica de la educaci\u00f3n argentina &nbsp; &nbsp; Instituciones educativas &nbsp; &nbsp;Taller I CFPD Filosof\u00eda y Educaci\u00f3n &nbsp; &nbsp; Did\u00e1ctica I &nbsp; &nbsp; Did\u00e1ctica II Did\u00e1ctica I &#8230; <a title=\"Correlatividades &#8211; Cohortes A\u00f1os 2016 en adelante\" class=\"read-more\" href=\"https:\/\/ens3-caba.infd.edu.ar\/sitio\/correlatividades-ingresantes\/\" aria-label=\"More on Correlatividades &#8211; Cohortes A\u00f1os 2016 en adelante\">[+]<\/a><\/p>\n","protected":false},"author":729,"featured_media":0,"parent":0,"menu_order":0,"comment_status":"closed","ping_status":"closed","template":"","meta":[],"acf":[],"_links":{"self":[{"href":"https:\/\/ens3-caba.infd.edu.ar\/sitio\/wp-json\/wp\/v2\/pages\/1316"}],"collection":[{"href":"https:\/\/ens3-caba.infd.edu.ar\/sitio\/wp-json\/wp\/v2\/pages"}],"about":[{"href":"https:\/\/ens3-caba.infd.edu.ar\/sitio\/wp-json\/wp\/v2\/types\/page"}],"author":[{"embeddable":true,"href":"https:\/\/ens3-caba.infd.edu.ar\/sitio\/wp-json\/wp\/v2\/users\/729"}],"replies":[{"embeddable":true,"href":"https:\/\/ens3-caba.infd.edu.ar\/sitio\/wp-json\/wp\/v2\/comments?post=1316"}],"version-history":[{"count":1,"href":"https:\/\/ens3-caba.infd.edu.ar\/sitio\/wp-json\/wp\/v2\/pages\/1316\/revisions"}],"predecessor-version":[{"id":2394,"href":"https:\/\/ens3-caba.infd.edu.ar\/sitio\/wp-json\/wp\/v2\/pages\/1316\/revisions\/2394"}],"wp:attachment":[{"href":"https:\/\/ens3-caba.infd.edu.ar\/sitio\/wp-json\/wp\/v2\/media?parent=1316"}],"curies":[{"name":"wp","href":"https:\/\/api.w.org\/{rel}","templated":true}]}}