{"id":1369,"date":"2018-09-12T21:07:42","date_gmt":"2018-09-13T00:07:42","guid":{"rendered":"https:\/\/ens3-caba.infd.edu.ar\/sitio\/?page_id=1369"},"modified":"2018-11-12T16:19:14","modified_gmt":"2018-11-12T19:19:14","slug":"actividades-ciclo-lectivo-2018","status":"publish","type":"page","link":"https:\/\/ens3-caba.infd.edu.ar\/sitio\/actividades-ciclo-lectivo-2018\/","title":{"rendered":"Actividades Ciclo Lectivo 2018"},"content":{"rendered":"<h3 style=\"text-align: center;\"><strong>Estas son algunas de las actividades que realizamos en el Ciclo Lectivo 2018 en el Nivel Inicial<\/strong><\/h3>\n<hr \/>\n<h4 style=\"text-align: center;\"><span style=\"color: #339966;\">Pel\u00edcula seleccionada para ser exhibida en el Festival \u00abHACELO CORTO 2018\u00bb<\/span><\/h4>\n<h2 style=\"text-align: center;\"><span style=\"color: #ffff00;\"> Sala Amarilla<\/span><\/h2>\n<p><iframe loading=\"lazy\" width=\"1200\" height=\"675\" src=\"https:\/\/www.youtube.com\/embed\/dqCszHVdApk?feature=oembed\" frameborder=\"0\" allow=\"accelerometer; autoplay; encrypted-media; gyroscope; picture-in-picture\" allowfullscreen><\/iframe><\/p>\n<hr \/>\n<h3 style=\"text-align: center;\"><span style=\"color: #ff00ff;\">Les contamos c\u00f3mo se hace un corto en el Jard\u00edn de Infantes de la ENS 3<\/span><\/h3>\n<h2 style=\"text-align: center;\"><span style=\"color: #33cccc;\">Sala Turquesa<\/span><\/h2>\n<p><iframe loading=\"lazy\" width=\"1200\" height=\"900\" src=\"https:\/\/www.youtube.com\/embed\/SMFYRiW8tPA?feature=oembed\" frameborder=\"0\" allow=\"accelerometer; autoplay; encrypted-media; gyroscope; picture-in-picture\" allowfullscreen><\/iframe><\/p>\n<h2 style=\"text-align: center;\"><span style=\"color: #800080;\"><strong>CORTO: BRISA Y AGUST\u00cdN VAN A LA PUNA\u00a0<\/strong><\/span><\/h2>\n<h2 style=\"text-align: center;\"><span style=\"color: #800080;\"><strong> SALA TURQUESA<\/strong><\/span><\/h2>\n<p><iframe loading=\"lazy\" width=\"1200\" height=\"675\" src=\"https:\/\/www.youtube.com\/embed\/qzXnXIp3XZE?feature=oembed\" frameborder=\"0\" allow=\"accelerometer; autoplay; encrypted-media; gyroscope; picture-in-picture\" allowfullscreen><\/iframe><\/p>\n<p>&nbsp;<\/p>\n<h3><\/h3>\n<h3 style=\"text-align: center;\"><span style=\"color: #800080;\"><strong>MUESTRA FOTOGR\u00c1FICA<\/strong><\/span><\/h3>\n<p><img decoding=\"async\" loading=\"lazy\" class=\"size-full wp-image-1460 aligncenter\" src=\"https:\/\/ens3-caba.infd.edu.ar\/sitio\/wp-content\/uploads\/2018\/10\/MIX.jpg\" alt=\"\" width=\"768\" height=\"768\" srcset=\"https:\/\/ens3-caba.infd.edu.ar\/sitio\/wp-content\/uploads\/2018\/10\/MIX.jpg 768w, https:\/\/ens3-caba.infd.edu.ar\/sitio\/wp-content\/uploads\/2018\/10\/MIX-500x500.jpg 500w\" sizes=\"(max-width: 768px) 100vw, 768px\" \/><\/p>\n","protected":false},"excerpt":{"rendered":"<p>Estas son algunas de las actividades que realizamos en el Ciclo Lectivo 2018 en el Nivel Inicial Pel\u00edcula seleccionada para ser exhibida en el Festival \u00abHACELO CORTO 2018\u00bb Sala Amarilla Les contamos c\u00f3mo se hace un corto en el Jard\u00edn de Infantes de la ENS 3 Sala Turquesa CORTO: BRISA Y AGUST\u00cdN VAN A LA &#8230; <a title=\"Actividades Ciclo Lectivo 2018\" class=\"read-more\" href=\"https:\/\/ens3-caba.infd.edu.ar\/sitio\/actividades-ciclo-lectivo-2018\/\" aria-label=\"More on Actividades Ciclo Lectivo 2018\">[+]<\/a><\/p>\n","protected":false},"author":144,"featured_media":0,"parent":0,"menu_order":0,"comment_status":"closed","ping_status":"closed","template":"","meta":[],"acf":[],"_links":{"self":[{"href":"https:\/\/ens3-caba.infd.edu.ar\/sitio\/wp-json\/wp\/v2\/pages\/1369"}],"collection":[{"href":"https:\/\/ens3-caba.infd.edu.ar\/sitio\/wp-json\/wp\/v2\/pages"}],"about":[{"href":"https:\/\/ens3-caba.infd.edu.ar\/sitio\/wp-json\/wp\/v2\/types\/page"}],"author":[{"embeddable":true,"href":"https:\/\/ens3-caba.infd.edu.ar\/sitio\/wp-json\/wp\/v2\/users\/144"}],"replies":[{"embeddable":true,"href":"https:\/\/ens3-caba.infd.edu.ar\/sitio\/wp-json\/wp\/v2\/comments?post=1369"}],"version-history":[{"count":11,"href":"https:\/\/ens3-caba.infd.edu.ar\/sitio\/wp-json\/wp\/v2\/pages\/1369\/revisions"}],"predecessor-version":[{"id":1547,"href":"https:\/\/ens3-caba.infd.edu.ar\/sitio\/wp-json\/wp\/v2\/pages\/1369\/revisions\/1547"}],"wp:attachment":[{"href":"https:\/\/ens3-caba.infd.edu.ar\/sitio\/wp-json\/wp\/v2\/media?parent=1369"}],"curies":[{"name":"wp","href":"https:\/\/api.w.org\/{rel}","templated":true}]}}