{"id":1375,"date":"2018-09-12T21:53:11","date_gmt":"2018-09-13T00:53:11","guid":{"rendered":"https:\/\/ens3-caba.infd.edu.ar\/sitio\/?page_id=1375"},"modified":"2018-10-01T12:10:45","modified_gmt":"2018-10-01T15:10:45","slug":"actividades-ciclo-lectivo-2018-2","status":"publish","type":"page","link":"https:\/\/ens3-caba.infd.edu.ar\/sitio\/actividades-ciclo-lectivo-2018-2\/","title":{"rendered":"Actividades Ciclo Lectivo 2018"},"content":{"rendered":"<h5 style=\"text-align: center;\"><span style=\"color: #993300;\">Estas son algunas de las actividades que realizamos en el Nivel Medio de la ENS 3<\/span><\/h5>\n<hr \/>\n<p><img decoding=\"async\" loading=\"lazy\" class=\" wp-image-1453 aligncenter\" src=\"https:\/\/ens3-caba.infd.edu.ar\/sitio\/wp-content\/uploads\/2018\/09\/Captura.jpg\" alt=\"\" width=\"344\" height=\"249\" \/><\/p>\n<p><img decoding=\"async\" loading=\"lazy\" class=\"size-full wp-image-1454 aligncenter\" src=\"https:\/\/ens3-caba.infd.edu.ar\/sitio\/wp-content\/uploads\/2018\/09\/pizap.com15382267534111.jpg\" alt=\"\" width=\"767\" height=\"767\" srcset=\"https:\/\/ens3-caba.infd.edu.ar\/sitio\/wp-content\/uploads\/2018\/09\/pizap.com15382267534111.jpg 767w, https:\/\/ens3-caba.infd.edu.ar\/sitio\/wp-content\/uploads\/2018\/09\/pizap.com15382267534111-500x500.jpg 500w\" sizes=\"(max-width: 767px) 100vw, 767px\" \/><img decoding=\"async\" loading=\"lazy\" class=\"size-full wp-image-1455 aligncenter\" src=\"https:\/\/ens3-caba.infd.edu.ar\/sitio\/wp-content\/uploads\/2018\/09\/pizap.com15382270295901.jpg\" alt=\"\" width=\"767\" height=\"767\" srcset=\"https:\/\/ens3-caba.infd.edu.ar\/sitio\/wp-content\/uploads\/2018\/09\/pizap.com15382270295901.jpg 767w, https:\/\/ens3-caba.infd.edu.ar\/sitio\/wp-content\/uploads\/2018\/09\/pizap.com15382270295901-500x500.jpg 500w\" sizes=\"(max-width: 767px) 100vw, 767px\" \/><img decoding=\"async\" loading=\"lazy\" class=\"size-full wp-image-1456 aligncenter\" src=\"https:\/\/ens3-caba.infd.edu.ar\/sitio\/wp-content\/uploads\/2018\/09\/pizap.com15382272813871.jpg\" alt=\"\" width=\"767\" height=\"767\" srcset=\"https:\/\/ens3-caba.infd.edu.ar\/sitio\/wp-content\/uploads\/2018\/09\/pizap.com15382272813871.jpg 767w, https:\/\/ens3-caba.infd.edu.ar\/sitio\/wp-content\/uploads\/2018\/09\/pizap.com15382272813871-500x500.jpg 500w\" sizes=\"(max-width: 767px) 100vw, 767px\" \/><img decoding=\"async\" loading=\"lazy\" class=\"size-full wp-image-1457 aligncenter\" src=\"https:\/\/ens3-caba.infd.edu.ar\/sitio\/wp-content\/uploads\/2018\/09\/pizap.com15382274980601.jpg\" alt=\"\" width=\"767\" height=\"767\" srcset=\"https:\/\/ens3-caba.infd.edu.ar\/sitio\/wp-content\/uploads\/2018\/09\/pizap.com15382274980601.jpg 767w, https:\/\/ens3-caba.infd.edu.ar\/sitio\/wp-content\/uploads\/2018\/09\/pizap.com15382274980601-500x500.jpg 500w\" sizes=\"(max-width: 767px) 100vw, 767px\" \/><\/p>\n<hr \/>\n<p><img decoding=\"async\" loading=\"lazy\" class=\" wp-image-1450 aligncenter\" src=\"https:\/\/ens3-caba.infd.edu.ar\/sitio\/wp-content\/uploads\/2018\/09\/collage.jpg\" alt=\"\" width=\"664\" height=\"789\" \/><\/p>\n<hr \/>\n<p style=\"text-align: center;\"><strong>Visita a la Honorable Legislatura de la Ciudad Aut\u00f3noma de Buenos Aires<\/strong><\/p>\n<p><img decoding=\"async\" loading=\"lazy\" class=\"wp-image-1412 aligncenter\" src=\"https:\/\/ens3-caba.infd.edu.ar\/sitio\/wp-content\/uploads\/2018\/09\/image1.jpeg\" alt=\"\" width=\"541\" height=\"405\" \/><img decoding=\"async\" loading=\"lazy\" class=\"wp-image-1417 aligncenter\" src=\"https:\/\/ens3-caba.infd.edu.ar\/sitio\/wp-content\/uploads\/2018\/09\/image6.jpeg\" alt=\"\" width=\"542\" height=\"407\" \/><img decoding=\"async\" loading=\"lazy\" class=\"alignnone wp-image-1418 aligncenter\" src=\"https:\/\/ens3-caba.infd.edu.ar\/sitio\/wp-content\/uploads\/2018\/09\/image7.jpeg\" alt=\"\" width=\"543\" height=\"409\" \/><img decoding=\"async\" loading=\"lazy\" class=\"alignnone wp-image-1414 aligncenter\" src=\"https:\/\/ens3-caba.infd.edu.ar\/sitio\/wp-content\/uploads\/2018\/09\/image3.jpeg\" alt=\"\" width=\"541\" height=\"405\" \/><img decoding=\"async\" loading=\"lazy\" class=\"alignnone wp-image-1413 aligncenter\" src=\"https:\/\/ens3-caba.infd.edu.ar\/sitio\/wp-content\/uploads\/2018\/09\/image2.jpeg\" alt=\"\" width=\"541\" height=\"404\" \/><\/p>\n<hr \/>\n<h5 style=\"text-align: center;\"><strong>Festejo del D\u00eda del Ni\u00f1o con los alumnos del Nivel Primario, organizado por el Depto. de Ciencias de la Educaci\u00f3n<\/strong><\/h5>\n<p><img decoding=\"async\" loading=\"lazy\" class=\"alignnone size-full wp-image-1425 aligncenter\" src=\"https:\/\/ens3-caba.infd.edu.ar\/sitio\/wp-content\/uploads\/2018\/09\/DIA-DEL-NI\u00d1O-2.jpg\" alt=\"\" width=\"767\" height=\"767\" srcset=\"https:\/\/ens3-caba.infd.edu.ar\/sitio\/wp-content\/uploads\/2018\/09\/DIA-DEL-NI\u00d1O-2.jpg 767w, https:\/\/ens3-caba.infd.edu.ar\/sitio\/wp-content\/uploads\/2018\/09\/DIA-DEL-NI\u00d1O-2-500x500.jpg 500w\" sizes=\"(max-width: 767px) 100vw, 767px\" \/><img decoding=\"async\" loading=\"lazy\" class=\"alignnone size-full wp-image-1424 aligncenter\" src=\"https:\/\/ens3-caba.infd.edu.ar\/sitio\/wp-content\/uploads\/2018\/09\/DIA-DEL-NI\u00d1O-1.jpg\" alt=\"\" width=\"767\" height=\"767\" srcset=\"https:\/\/ens3-caba.infd.edu.ar\/sitio\/wp-content\/uploads\/2018\/09\/DIA-DEL-NI\u00d1O-1.jpg 767w, https:\/\/ens3-caba.infd.edu.ar\/sitio\/wp-content\/uploads\/2018\/09\/DIA-DEL-NI\u00d1O-1-500x500.jpg 500w\" sizes=\"(max-width: 767px) 100vw, 767px\" \/><\/p>\n<hr \/>\n<p><img decoding=\"async\" loading=\"lazy\" class=\" wp-image-1449 aligncenter\" src=\"https:\/\/ens3-caba.infd.edu.ar\/sitio\/wp-content\/uploads\/2018\/09\/diversa.jpg\" alt=\"\" width=\"760\" height=\"719\" \/><\/p>\n<hr \/>\n<p><img decoding=\"async\" loading=\"lazy\" class=\"size-medium wp-image-1468 aligncenter\" src=\"https:\/\/ens3-caba.infd.edu.ar\/sitio\/wp-content\/uploads\/2018\/10\/pizap.com15384063641561-1000x1000.jpg\" alt=\"\" width=\"1000\" height=\"1000\" srcset=\"https:\/\/ens3-caba.infd.edu.ar\/sitio\/wp-content\/uploads\/2018\/10\/pizap.com15384063641561-1000x1000.jpg 1000w, https:\/\/ens3-caba.infd.edu.ar\/sitio\/wp-content\/uploads\/2018\/10\/pizap.com15384063641561-500x500.jpg 500w, https:\/\/ens3-caba.infd.edu.ar\/sitio\/wp-content\/uploads\/2018\/10\/pizap.com15384063641561-768x768.jpg 768w, https:\/\/ens3-caba.infd.edu.ar\/sitio\/wp-content\/uploads\/2018\/10\/pizap.com15384063641561-1900x1900.jpg 1900w\" sizes=\"(max-width: 1000px) 100vw, 1000px\" \/><\/p>\n<hr \/>\n<p><img decoding=\"async\" loading=\"lazy\" class=\"wp-image-1451 aligncenter\" src=\"https:\/\/ens3-caba.infd.edu.ar\/sitio\/wp-content\/uploads\/2018\/09\/PANEL.jpg\" alt=\"\" width=\"726\" height=\"989\" \/><\/p>\n","protected":false},"excerpt":{"rendered":"<p>Estas son algunas de las actividades que realizamos en el Nivel Medio de la ENS 3 Visita a la Honorable Legislatura de la Ciudad Aut\u00f3noma de Buenos Aires Festejo del D\u00eda del Ni\u00f1o con los alumnos del Nivel Primario, organizado por el Depto. de Ciencias de la Educaci\u00f3n<\/p>\n","protected":false},"author":144,"featured_media":0,"parent":0,"menu_order":0,"comment_status":"closed","ping_status":"closed","template":"","meta":[],"acf":[],"_links":{"self":[{"href":"https:\/\/ens3-caba.infd.edu.ar\/sitio\/wp-json\/wp\/v2\/pages\/1375"}],"collection":[{"href":"https:\/\/ens3-caba.infd.edu.ar\/sitio\/wp-json\/wp\/v2\/pages"}],"about":[{"href":"https:\/\/ens3-caba.infd.edu.ar\/sitio\/wp-json\/wp\/v2\/types\/page"}],"author":[{"embeddable":true,"href":"https:\/\/ens3-caba.infd.edu.ar\/sitio\/wp-json\/wp\/v2\/users\/144"}],"replies":[{"embeddable":true,"href":"https:\/\/ens3-caba.infd.edu.ar\/sitio\/wp-json\/wp\/v2\/comments?post=1375"}],"version-history":[{"count":12,"href":"https:\/\/ens3-caba.infd.edu.ar\/sitio\/wp-json\/wp\/v2\/pages\/1375\/revisions"}],"predecessor-version":[{"id":1467,"href":"https:\/\/ens3-caba.infd.edu.ar\/sitio\/wp-json\/wp\/v2\/pages\/1375\/revisions\/1467"}],"wp:attachment":[{"href":"https:\/\/ens3-caba.infd.edu.ar\/sitio\/wp-json\/wp\/v2\/media?parent=1375"}],"curies":[{"name":"wp","href":"https:\/\/api.w.org\/{rel}","templated":true}]}}