{"id":1529,"date":"2018-11-07T20:33:07","date_gmt":"2018-11-07T23:33:07","guid":{"rendered":"https:\/\/ens3-caba.infd.edu.ar\/sitio\/?page_id=1529"},"modified":"2018-11-08T15:36:26","modified_gmt":"2018-11-08T18:36:26","slug":"equipos-y-actividades-2018","status":"publish","type":"page","link":"https:\/\/ens3-caba.infd.edu.ar\/sitio\/equipos-y-actividades-2018\/","title":{"rendered":"Equipos y Actividades 2018"},"content":{"rendered":"<p style=\"text-align: center;\">V\u00d3LEY JUVENILES<\/p>\n<p><img decoding=\"async\" loading=\"lazy\" class=\" wp-image-1528 aligncenter\" src=\"https:\/\/ens3-caba.infd.edu.ar\/sitio\/wp-content\/uploads\/2018\/11\/VOLEY-JUVENILES-1000x750.jpg\" alt=\"\" width=\"578\" height=\"434\" srcset=\"https:\/\/ens3-caba.infd.edu.ar\/sitio\/wp-content\/uploads\/2018\/11\/VOLEY-JUVENILES-1000x750.jpg 1000w, https:\/\/ens3-caba.infd.edu.ar\/sitio\/wp-content\/uploads\/2018\/11\/VOLEY-JUVENILES-768x576.jpg 768w, https:\/\/ens3-caba.infd.edu.ar\/sitio\/wp-content\/uploads\/2018\/11\/VOLEY-JUVENILES.jpg 1032w\" sizes=\"(max-width: 578px) 100vw, 578px\" \/><\/p>\n<p style=\"text-align: center;\">V\u00d3LEY CADETAS<\/p>\n<p><img decoding=\"async\" loading=\"lazy\" class=\" wp-image-1527 aligncenter\" src=\"https:\/\/ens3-caba.infd.edu.ar\/sitio\/wp-content\/uploads\/2018\/11\/VOLEY-CADETAS.jpg\" alt=\"\" width=\"581\" height=\"348\" \/><\/p>\n<p style=\"text-align: center;\">V\u00d3LEY CADETAS &#8211; 1\u00ba PUESTO EN EL INTER-REGIONAL<\/p>\n<p><img decoding=\"async\" loading=\"lazy\" class=\" wp-image-1526 aligncenter\" src=\"https:\/\/ens3-caba.infd.edu.ar\/sitio\/wp-content\/uploads\/2018\/11\/VOLEY-CADETAS-PRIMER-PIESTO-EN-REGIONAL.jpg\" alt=\"\" width=\"584\" height=\"437\" \/><\/p>\n<p style=\"text-align: center;\">HOCKEY JUVENILES<\/p>\n<p><img decoding=\"async\" loading=\"lazy\" class=\"wp-image-1525 aligncenter\" src=\"https:\/\/ens3-caba.infd.edu.ar\/sitio\/wp-content\/uploads\/2018\/11\/HOCKEY-JUVENILES-1000x750.jpg\" alt=\"\" width=\"585\" height=\"439\" srcset=\"https:\/\/ens3-caba.infd.edu.ar\/sitio\/wp-content\/uploads\/2018\/11\/HOCKEY-JUVENILES-1000x750.jpg 1000w, https:\/\/ens3-caba.infd.edu.ar\/sitio\/wp-content\/uploads\/2018\/11\/HOCKEY-JUVENILES-768x576.jpg 768w, https:\/\/ens3-caba.infd.edu.ar\/sitio\/wp-content\/uploads\/2018\/11\/HOCKEY-JUVENILES.jpg 1032w\" sizes=\"(max-width: 585px) 100vw, 585px\" \/><\/p>\n<p style=\"text-align: center;\">H\u00c1NDBOL MENORES<\/p>\n<p><img decoding=\"async\" loading=\"lazy\" class=\" wp-image-1524 aligncenter\" src=\"https:\/\/ens3-caba.infd.edu.ar\/sitio\/wp-content\/uploads\/2018\/11\/HANDBOL-MENORES-1000x706.jpg\" alt=\"\" width=\"584\" height=\"412\" srcset=\"https:\/\/ens3-caba.infd.edu.ar\/sitio\/wp-content\/uploads\/2018\/11\/HANDBOL-MENORES-1000x706.jpg 1000w, https:\/\/ens3-caba.infd.edu.ar\/sitio\/wp-content\/uploads\/2018\/11\/HANDBOL-MENORES-768x542.jpg 768w, https:\/\/ens3-caba.infd.edu.ar\/sitio\/wp-content\/uploads\/2018\/11\/HANDBOL-MENORES.jpg 1280w\" sizes=\"(max-width: 584px) 100vw, 584px\" \/><\/p>\n<p style=\"text-align: center;\">H\u00c1NDBOL MENORES &#8211; 3\u00ba PUESTO EN INTER-REGIONAL<\/p>\n<p><img decoding=\"async\" loading=\"lazy\" class=\"wp-image-1523 aligncenter\" src=\"https:\/\/ens3-caba.infd.edu.ar\/sitio\/wp-content\/uploads\/2018\/11\/HANDBOL-MENORES-3-PUESTO-EN-INTERREGIONAL-1000x750.jpg\" alt=\"\" width=\"587\" height=\"441\" srcset=\"https:\/\/ens3-caba.infd.edu.ar\/sitio\/wp-content\/uploads\/2018\/11\/HANDBOL-MENORES-3-PUESTO-EN-INTERREGIONAL-1000x750.jpg 1000w, https:\/\/ens3-caba.infd.edu.ar\/sitio\/wp-content\/uploads\/2018\/11\/HANDBOL-MENORES-3-PUESTO-EN-INTERREGIONAL-768x576.jpg 768w, https:\/\/ens3-caba.infd.edu.ar\/sitio\/wp-content\/uploads\/2018\/11\/HANDBOL-MENORES-3-PUESTO-EN-INTERREGIONAL.jpg 1280w\" sizes=\"(max-width: 587px) 100vw, 587px\" \/><\/p>\n<p style=\"text-align: center;\">H\u00c1NDBOL MENORES- 3\u00ba PUESTO EN EL INTER-REGIONAL<\/p>\n<p><img decoding=\"async\" loading=\"lazy\" class=\"wp-image-1522 aligncenter\" src=\"https:\/\/ens3-caba.infd.edu.ar\/sitio\/wp-content\/uploads\/2018\/11\/HANDBOL-MENORES-3-EN-INTERREGIONAL-1000x750.jpg\" alt=\"\" width=\"587\" height=\"440\" srcset=\"https:\/\/ens3-caba.infd.edu.ar\/sitio\/wp-content\/uploads\/2018\/11\/HANDBOL-MENORES-3-EN-INTERREGIONAL-1000x750.jpg 1000w, https:\/\/ens3-caba.infd.edu.ar\/sitio\/wp-content\/uploads\/2018\/11\/HANDBOL-MENORES-3-EN-INTERREGIONAL-768x576.jpg 768w, https:\/\/ens3-caba.infd.edu.ar\/sitio\/wp-content\/uploads\/2018\/11\/HANDBOL-MENORES-3-EN-INTERREGIONAL.jpg 1280w\" sizes=\"(max-width: 587px) 100vw, 587px\" \/><\/p>\n<p style=\"text-align: center;\">H\u00c1NDBOL JUVENILES<\/p>\n<p><img decoding=\"async\" loading=\"lazy\" class=\"wp-image-1521 aligncenter\" src=\"https:\/\/ens3-caba.infd.edu.ar\/sitio\/wp-content\/uploads\/2018\/11\/HANDBOL-JUVENILES-1000x750.jpg\" alt=\"\" width=\"586\" height=\"439\" srcset=\"https:\/\/ens3-caba.infd.edu.ar\/sitio\/wp-content\/uploads\/2018\/11\/HANDBOL-JUVENILES-1000x750.jpg 1000w, https:\/\/ens3-caba.infd.edu.ar\/sitio\/wp-content\/uploads\/2018\/11\/HANDBOL-JUVENILES-768x576.jpg 768w, https:\/\/ens3-caba.infd.edu.ar\/sitio\/wp-content\/uploads\/2018\/11\/HANDBOL-JUVENILES.jpg 1280w\" sizes=\"(max-width: 586px) 100vw, 586px\" \/><\/p>\n<p style=\"text-align: center;\">H\u00c1NDBOL JUVENILES<\/p>\n<p><img decoding=\"async\" loading=\"lazy\" class=\" wp-image-1520 aligncenter\" src=\"https:\/\/ens3-caba.infd.edu.ar\/sitio\/wp-content\/uploads\/2018\/11\/HANDBOL-JUVENILES-2.jpg\" alt=\"\" width=\"585\" height=\"438\" \/><\/p>\n<p style=\"text-align: center;\">H\u00c1NDBOL CADETAS<\/p>\n<p style=\"text-align: center;\"><img decoding=\"async\" loading=\"lazy\" class=\" wp-image-1519 aligncenter\" src=\"https:\/\/ens3-caba.infd.edu.ar\/sitio\/wp-content\/uploads\/2018\/11\/HANDBOL-CADETES-1000x750.jpg\" alt=\"\" width=\"585\" height=\"439\" srcset=\"https:\/\/ens3-caba.infd.edu.ar\/sitio\/wp-content\/uploads\/2018\/11\/HANDBOL-CADETES-1000x750.jpg 1000w, https:\/\/ens3-caba.infd.edu.ar\/sitio\/wp-content\/uploads\/2018\/11\/HANDBOL-CADETES-768x576.jpg 768w, https:\/\/ens3-caba.infd.edu.ar\/sitio\/wp-content\/uploads\/2018\/11\/HANDBOL-CADETES.jpg 1280w\" sizes=\"(max-width: 585px) 100vw, 585px\" \/><\/p>\n<p style=\"text-align: center;\">H\u00c1NDBOL CADETAS<br \/>\n<img decoding=\"async\" loading=\"lazy\" class=\" wp-image-1518 aligncenter\" src=\"https:\/\/ens3-caba.infd.edu.ar\/sitio\/wp-content\/uploads\/2018\/11\/HANDBOL-CADETAS-1000x750.jpg\" alt=\"\" width=\"587\" height=\"440\" srcset=\"https:\/\/ens3-caba.infd.edu.ar\/sitio\/wp-content\/uploads\/2018\/11\/HANDBOL-CADETAS-1000x750.jpg 1000w, https:\/\/ens3-caba.infd.edu.ar\/sitio\/wp-content\/uploads\/2018\/11\/HANDBOL-CADETAS-768x576.jpg 768w, https:\/\/ens3-caba.infd.edu.ar\/sitio\/wp-content\/uploads\/2018\/11\/HANDBOL-CADETAS.jpg 1032w\" sizes=\"(max-width: 587px) 100vw, 587px\" \/><\/p>\n<p style=\"text-align: center;\">HOCKEY CADETAS<\/p>\n<p style=\"text-align: center;\"><img decoding=\"async\" loading=\"lazy\" class=\" wp-image-1517 aligncenter\" src=\"https:\/\/ens3-caba.infd.edu.ar\/sitio\/wp-content\/uploads\/2018\/11\/HACKEY-CADETAS-750x1000.jpg\" alt=\"\" width=\"588\" height=\"784\" srcset=\"https:\/\/ens3-caba.infd.edu.ar\/sitio\/wp-content\/uploads\/2018\/11\/HACKEY-CADETAS-750x1000.jpg 750w, https:\/\/ens3-caba.infd.edu.ar\/sitio\/wp-content\/uploads\/2018\/11\/HACKEY-CADETAS-768x1024.jpg 768w, https:\/\/ens3-caba.infd.edu.ar\/sitio\/wp-content\/uploads\/2018\/11\/HACKEY-CADETAS.jpg 960w\" sizes=\"(max-width: 588px) 100vw, 588px\" \/><\/p>\n<p style=\"text-align: center;\">FUTSAL JUVENILES<\/p>\n<p style=\"text-align: center;\"><img decoding=\"async\" loading=\"lazy\" class=\" wp-image-1516 aligncenter\" src=\"https:\/\/ens3-caba.infd.edu.ar\/sitio\/wp-content\/uploads\/2018\/11\/FUTSAL-JUVENILES-1000x750.jpg\" alt=\"\" width=\"590\" height=\"443\" srcset=\"https:\/\/ens3-caba.infd.edu.ar\/sitio\/wp-content\/uploads\/2018\/11\/FUTSAL-JUVENILES-1000x750.jpg 1000w, https:\/\/ens3-caba.infd.edu.ar\/sitio\/wp-content\/uploads\/2018\/11\/FUTSAL-JUVENILES-768x576.jpg 768w, https:\/\/ens3-caba.infd.edu.ar\/sitio\/wp-content\/uploads\/2018\/11\/FUTSAL-JUVENILES.jpg 1280w\" sizes=\"(max-width: 590px) 100vw, 590px\" \/><\/p>\n<p style=\"text-align: center;\">FUTSAL CADETAS<\/p>\n<p style=\"text-align: center;\"><img decoding=\"async\" loading=\"lazy\" class=\" wp-image-1515 aligncenter\" src=\"https:\/\/ens3-caba.infd.edu.ar\/sitio\/wp-content\/uploads\/2018\/11\/FUTSAL-CADETAS-1000x563.jpg\" alt=\"\" width=\"590\" height=\"332\" srcset=\"https:\/\/ens3-caba.infd.edu.ar\/sitio\/wp-content\/uploads\/2018\/11\/FUTSAL-CADETAS-1000x563.jpg 1000w, https:\/\/ens3-caba.infd.edu.ar\/sitio\/wp-content\/uploads\/2018\/11\/FUTSAL-CADETAS-768x432.jpg 768w, https:\/\/ens3-caba.infd.edu.ar\/sitio\/wp-content\/uploads\/2018\/11\/FUTSAL-CADETAS.jpg 1280w\" sizes=\"(max-width: 590px) 100vw, 590px\" \/><\/p>\n<p style=\"text-align: center;\">F\u00daTBOL MENORES<\/p>\n<p style=\"text-align: center;\"><img decoding=\"async\" loading=\"lazy\" class=\" wp-image-1514 aligncenter\" src=\"https:\/\/ens3-caba.infd.edu.ar\/sitio\/wp-content\/uploads\/2018\/11\/FUTBOL-MENORES-1000x750.jpg\" alt=\"\" width=\"591\" height=\"444\" srcset=\"https:\/\/ens3-caba.infd.edu.ar\/sitio\/wp-content\/uploads\/2018\/11\/FUTBOL-MENORES-1000x750.jpg 1000w, https:\/\/ens3-caba.infd.edu.ar\/sitio\/wp-content\/uploads\/2018\/11\/FUTBOL-MENORES-768x576.jpg 768w, https:\/\/ens3-caba.infd.edu.ar\/sitio\/wp-content\/uploads\/2018\/11\/FUTBOL-MENORES.jpg 1040w\" sizes=\"(max-width: 591px) 100vw, 591px\" \/><\/p>\n<p style=\"text-align: center;\">F\u00daTBOL JUVENILES<\/p>\n<p style=\"text-align: center;\"><img decoding=\"async\" loading=\"lazy\" class=\" wp-image-1513 aligncenter\" src=\"https:\/\/ens3-caba.infd.edu.ar\/sitio\/wp-content\/uploads\/2018\/11\/FUTBOL-JUVENILES-1000x750.jpg\" alt=\"\" width=\"592\" height=\"445\" srcset=\"https:\/\/ens3-caba.infd.edu.ar\/sitio\/wp-content\/uploads\/2018\/11\/FUTBOL-JUVENILES-1000x750.jpg 1000w, https:\/\/ens3-caba.infd.edu.ar\/sitio\/wp-content\/uploads\/2018\/11\/FUTBOL-JUVENILES-768x576.jpg 768w, https:\/\/ens3-caba.infd.edu.ar\/sitio\/wp-content\/uploads\/2018\/11\/FUTBOL-JUVENILES.jpg 1040w\" sizes=\"(max-width: 592px) 100vw, 592px\" \/><\/p>\n<p style=\"text-align: center;\">F\u00daTBOL CADETES<\/p>\n<p style=\"text-align: center;\"><img decoding=\"async\" loading=\"lazy\" class=\" wp-image-1512 aligncenter\" src=\"https:\/\/ens3-caba.infd.edu.ar\/sitio\/wp-content\/uploads\/2018\/11\/FUTBOL-CADETES-1000x750.jpg\" alt=\"\" width=\"595\" height=\"447\" srcset=\"https:\/\/ens3-caba.infd.edu.ar\/sitio\/wp-content\/uploads\/2018\/11\/FUTBOL-CADETES-1000x750.jpg 1000w, https:\/\/ens3-caba.infd.edu.ar\/sitio\/wp-content\/uploads\/2018\/11\/FUTBOL-CADETES-768x576.jpg 768w, https:\/\/ens3-caba.infd.edu.ar\/sitio\/wp-content\/uploads\/2018\/11\/FUTBOL-CADETES.jpg 1280w\" sizes=\"(max-width: 595px) 100vw, 595px\" \/><\/p>\n<p style=\"text-align: center;\">NUESTRAS PROFESORAS<\/p>\n<p><img decoding=\"async\" loading=\"lazy\" class=\" wp-image-1535 aligncenter\" src=\"https:\/\/ens3-caba.infd.edu.ar\/sitio\/wp-content\/uploads\/2018\/11\/pizap.com15416955532481-1000x750.jpg\" alt=\"\" width=\"601\" height=\"450\" srcset=\"https:\/\/ens3-caba.infd.edu.ar\/sitio\/wp-content\/uploads\/2018\/11\/pizap.com15416955532481-1000x750.jpg 1000w, https:\/\/ens3-caba.infd.edu.ar\/sitio\/wp-content\/uploads\/2018\/11\/pizap.com15416955532481-768x576.jpg 768w, https:\/\/ens3-caba.infd.edu.ar\/sitio\/wp-content\/uploads\/2018\/11\/pizap.com15416955532481.jpg 1023w\" sizes=\"(max-width: 601px) 100vw, 601px\" \/><\/p>\n<p style=\"text-align: center;\">F\u00daTBOL Y H\u00c1NDBOL PRIMARIA<\/p>\n<p><img decoding=\"async\" loading=\"lazy\" class=\" wp-image-1533 aligncenter\" src=\"https:\/\/ens3-caba.infd.edu.ar\/sitio\/wp-content\/uploads\/2018\/11\/pizap.com15417004492061-1000x750.jpg\" alt=\"\" width=\"627\" height=\"471\" srcset=\"https:\/\/ens3-caba.infd.edu.ar\/sitio\/wp-content\/uploads\/2018\/11\/pizap.com15417004492061-1000x750.jpg 1000w, https:\/\/ens3-caba.infd.edu.ar\/sitio\/wp-content\/uploads\/2018\/11\/pizap.com15417004492061-768x576.jpg 768w, https:\/\/ens3-caba.infd.edu.ar\/sitio\/wp-content\/uploads\/2018\/11\/pizap.com15417004492061.jpg 1023w\" sizes=\"(max-width: 627px) 100vw, 627px\" \/><\/p>\n<p style=\"text-align: center;\">CL\u00cdNICA DE PING PONG<\/p>\n<p><img decoding=\"async\" loading=\"lazy\" class=\" wp-image-1534 aligncenter\" src=\"https:\/\/ens3-caba.infd.edu.ar\/sitio\/wp-content\/uploads\/2018\/11\/pizap.com15402128920881-1000x1000.jpg\" alt=\"\" width=\"638\" height=\"638\" srcset=\"https:\/\/ens3-caba.infd.edu.ar\/sitio\/wp-content\/uploads\/2018\/11\/pizap.com15402128920881-1000x1000.jpg 1000w, https:\/\/ens3-caba.infd.edu.ar\/sitio\/wp-content\/uploads\/2018\/11\/pizap.com15402128920881-500x500.jpg 500w, https:\/\/ens3-caba.infd.edu.ar\/sitio\/wp-content\/uploads\/2018\/11\/pizap.com15402128920881-768x768.jpg 768w, https:\/\/ens3-caba.infd.edu.ar\/sitio\/wp-content\/uploads\/2018\/11\/pizap.com15402128920881-1900x1900.jpg 1900w\" sizes=\"(max-width: 638px) 100vw, 638px\" \/><\/p>\n<p style=\"text-align: center;\">TALLER DE TAEKWONDO<\/p>\n<p><img decoding=\"async\" loading=\"lazy\" class=\" wp-image-1538 aligncenter\" src=\"https:\/\/ens3-caba.infd.edu.ar\/sitio\/wp-content\/uploads\/2018\/11\/pizap.com15417008633891-1000x1000.jpg\" alt=\"\" width=\"645\" height=\"644\" srcset=\"https:\/\/ens3-caba.infd.edu.ar\/sitio\/wp-content\/uploads\/2018\/11\/pizap.com15417008633891-1000x1000.jpg 1000w, https:\/\/ens3-caba.infd.edu.ar\/sitio\/wp-content\/uploads\/2018\/11\/pizap.com15417008633891-500x500.jpg 500w, https:\/\/ens3-caba.infd.edu.ar\/sitio\/wp-content\/uploads\/2018\/11\/pizap.com15417008633891-768x768.jpg 768w, https:\/\/ens3-caba.infd.edu.ar\/sitio\/wp-content\/uploads\/2018\/11\/pizap.com15417008633891-1900x1900.jpg 1900w\" sizes=\"(max-width: 645px) 100vw, 645px\" \/><\/p>\n<p>&nbsp;<\/p>\n","protected":false},"excerpt":{"rendered":"<p>V\u00d3LEY JUVENILES V\u00d3LEY CADETAS V\u00d3LEY CADETAS &#8211; 1\u00ba PUESTO EN EL INTER-REGIONAL HOCKEY JUVENILES H\u00c1NDBOL MENORES H\u00c1NDBOL MENORES &#8211; 3\u00ba PUESTO EN INTER-REGIONAL H\u00c1NDBOL MENORES- 3\u00ba PUESTO EN EL INTER-REGIONAL H\u00c1NDBOL JUVENILES H\u00c1NDBOL JUVENILES H\u00c1NDBOL CADETAS H\u00c1NDBOL CADETAS HOCKEY CADETAS FUTSAL JUVENILES FUTSAL CADETAS F\u00daTBOL MENORES F\u00daTBOL JUVENILES F\u00daTBOL CADETES NUESTRAS PROFESORAS F\u00daTBOL Y H\u00c1NDBOL &#8230; <a title=\"Equipos y Actividades 2018\" class=\"read-more\" href=\"https:\/\/ens3-caba.infd.edu.ar\/sitio\/equipos-y-actividades-2018\/\" aria-label=\"More on Equipos y Actividades 2018\">[+]<\/a><\/p>\n","protected":false},"author":144,"featured_media":0,"parent":0,"menu_order":0,"comment_status":"closed","ping_status":"closed","template":"","meta":[],"acf":[],"_links":{"self":[{"href":"https:\/\/ens3-caba.infd.edu.ar\/sitio\/wp-json\/wp\/v2\/pages\/1529"}],"collection":[{"href":"https:\/\/ens3-caba.infd.edu.ar\/sitio\/wp-json\/wp\/v2\/pages"}],"about":[{"href":"https:\/\/ens3-caba.infd.edu.ar\/sitio\/wp-json\/wp\/v2\/types\/page"}],"author":[{"embeddable":true,"href":"https:\/\/ens3-caba.infd.edu.ar\/sitio\/wp-json\/wp\/v2\/users\/144"}],"replies":[{"embeddable":true,"href":"https:\/\/ens3-caba.infd.edu.ar\/sitio\/wp-json\/wp\/v2\/comments?post=1529"}],"version-history":[{"count":4,"href":"https:\/\/ens3-caba.infd.edu.ar\/sitio\/wp-json\/wp\/v2\/pages\/1529\/revisions"}],"predecessor-version":[{"id":1540,"href":"https:\/\/ens3-caba.infd.edu.ar\/sitio\/wp-json\/wp\/v2\/pages\/1529\/revisions\/1540"}],"wp:attachment":[{"href":"https:\/\/ens3-caba.infd.edu.ar\/sitio\/wp-json\/wp\/v2\/media?parent=1529"}],"curies":[{"name":"wp","href":"https:\/\/api.w.org\/{rel}","templated":true}]}}