{"id":2264,"date":"2022-11-23T21:12:01","date_gmt":"2022-11-24T00:12:01","guid":{"rendered":"https:\/\/ens3-caba.infd.edu.ar\/sitio\/?page_id=2264"},"modified":"2022-11-23T21:12:01","modified_gmt":"2022-11-24T00:12:01","slug":"siu-guarani-2","status":"publish","type":"page","link":"https:\/\/ens3-caba.infd.edu.ar\/sitio\/siu-guarani-2\/","title":{"rendered":"SIU Guaran\u00ed"},"content":{"rendered":"\n<p>A continuaci\u00f3n dejamos los instructivos del SIU Guaran\u00ed:<br><a href=\"https:\/\/guarani-autogestionfdocente.bue.edu.ar\/\">SIU ENS 3<\/a><br><a href=\"https:\/\/drive.google.com\/file\/d\/1YkYX5Kk7HNuXoBSm-dwoeByicEDlVrIV\/view?usp=sharing\">Instructivo de preinscripci\u00f3n \u2013 Aspirantes<\/a><br><a href=\"https:\/\/drive.google.com\/file\/d\/1xjsrnXhG7L8pxZflYNQsfB0L7DfrVNxx\/view?usp=sharing\">Instructivo de acceso al sistema \u2013 m\u00f3dulo autogesti\u00f3n<\/a><br><a href=\"https:\/\/drive.google.com\/file\/d\/16Q0EQeJxKJnnZ7MVq7RgmwOaqGtmxYjt\/view?usp=sharing\">Instructivo de inscripci\u00f3n a materias \u2013 autogesti\u00f3n estudiantes<\/a><br><a href=\"https:\/\/drive.google.com\/file\/d\/1LWgxB_58X1064grDZTisw7D9f2TKmpMq\/view?usp=sharing\">Instructivo de inscripci\u00f3n a ex\u00e1menes \u2013 autogesti\u00f3n estudiantes<\/a><br><a href=\"https:\/\/drive.google.com\/file\/d\/1s5vAdHxxFH_Dxb838QMqcP7I9rdanBfQ\/view?usp=sharing\">Mesa de ayuda<\/a><\/p>\n","protected":false},"excerpt":{"rendered":"<p>A continuaci\u00f3n dejamos los instructivos del SIU Guaran\u00ed:SIU ENS 3Instructivo de preinscripci\u00f3n \u2013 AspirantesInstructivo de acceso al sistema \u2013 m\u00f3dulo autogesti\u00f3nInstructivo de inscripci\u00f3n a materias \u2013 autogesti\u00f3n estudiantesInstructivo de inscripci\u00f3n a ex\u00e1menes \u2013 autogesti\u00f3n estudiantesMesa de ayuda<\/p>\n","protected":false},"author":121,"featured_media":0,"parent":0,"menu_order":0,"comment_status":"closed","ping_status":"closed","template":"","meta":[],"acf":[],"_links":{"self":[{"href":"https:\/\/ens3-caba.infd.edu.ar\/sitio\/wp-json\/wp\/v2\/pages\/2264"}],"collection":[{"href":"https:\/\/ens3-caba.infd.edu.ar\/sitio\/wp-json\/wp\/v2\/pages"}],"about":[{"href":"https:\/\/ens3-caba.infd.edu.ar\/sitio\/wp-json\/wp\/v2\/types\/page"}],"author":[{"embeddable":true,"href":"https:\/\/ens3-caba.infd.edu.ar\/sitio\/wp-json\/wp\/v2\/users\/121"}],"replies":[{"embeddable":true,"href":"https:\/\/ens3-caba.infd.edu.ar\/sitio\/wp-json\/wp\/v2\/comments?post=2264"}],"version-history":[{"count":1,"href":"https:\/\/ens3-caba.infd.edu.ar\/sitio\/wp-json\/wp\/v2\/pages\/2264\/revisions"}],"predecessor-version":[{"id":2266,"href":"https:\/\/ens3-caba.infd.edu.ar\/sitio\/wp-json\/wp\/v2\/pages\/2264\/revisions\/2266"}],"wp:attachment":[{"href":"https:\/\/ens3-caba.infd.edu.ar\/sitio\/wp-json\/wp\/v2\/media?parent=2264"}],"curies":[{"name":"wp","href":"https:\/\/api.w.org\/{rel}","templated":true}]}}