{"id":2276,"date":"2023-02-24T19:17:54","date_gmt":"2023-02-24T22:17:54","guid":{"rendered":"https:\/\/ens3-caba.infd.edu.ar\/sitio\/?page_id=2276"},"modified":"2023-02-27T18:11:02","modified_gmt":"2023-02-27T21:11:02","slug":"postitulo-2023","status":"publish","type":"page","link":"https:\/\/ens3-caba.infd.edu.ar\/sitio\/postitulo-2023\/","title":{"rendered":"Post\u00edtulo 2023"},"content":{"rendered":"\n<h2 class=\"has-text-align-center wp-block-heading\">Actualizaci\u00f3n Acad\u00e9mica en Educaci\u00f3n ambiental integral y ense\u00f1anza de las ciencias en el nivel primario: puntos de encuentro y entrecruzamientos (1a cohorte)<\/h2>\n\n\n\n<h2 class=\"has-text-align-center wp-block-heading\">LA INSCRIPCI\u00d3N SER\u00c1 ABIERTA A LA BREVEDAD<\/h2>\n\n\n\n<p>Pre-inscripci\u00f3n online:&nbsp;<a href=\"https:\/\/guarani-autogestionfdocente.bue.edu.ar\/preinscripcion\/postitulo\/acceso\" target=\"_blank\" rel=\"noreferrer noopener\">https:\/\/guarani-autogestionfdocente.bue.edu.ar\/preinscripcion\/postitulo\/acceso<\/a>&nbsp;<\/p>\n\n\n\n<p>Duraci\u00f3n 1 a\u00f1o &#8211; Se cursa en Sede San Telmo los d\u00edas&nbsp;viernes&nbsp;de 18 a 22hs &#8211;&nbsp;Gratuito<\/p>\n\n\n\n<p>N\u00b0 de Resoluci\u00f3n: 2023-910-GCABA-SSCDOC&nbsp; &nbsp;&#8211;&nbsp;1 punto (CABA)<\/p>\n\n\n\n<p>Para m\u00e1s informaci\u00f3n visitar&nbsp;<a rel=\"noreferrer noopener\" href=\"https:\/\/actualizacionambie.wixsite.com\/ambientey-ciencias\" target=\"_blank\">https:\/\/actualizacionambie.wixsite.com\/ambientey-ciencias<\/a>&nbsp;o escribir a&nbsp;<a rel=\"noreferrer noopener\" href=\"mailto:actualizacion.ambienteyciencias@gmail.com\" target=\"_blank\">actualizacion.ambienteyciencias@gmail.com<\/a><\/p>\n","protected":false},"excerpt":{"rendered":"<p>Actualizaci\u00f3n Acad\u00e9mica en Educaci\u00f3n ambiental integral y ense\u00f1anza de las ciencias en el nivel primario: puntos de encuentro y entrecruzamientos (1a cohorte) LA INSCRIPCI\u00d3N SER\u00c1 ABIERTA A LA BREVEDAD Pre-inscripci\u00f3n online:&nbsp;https:\/\/guarani-autogestionfdocente.bue.edu.ar\/preinscripcion\/postitulo\/acceso&nbsp; Duraci\u00f3n 1 a\u00f1o &#8211; Se cursa en Sede San Telmo los d\u00edas&nbsp;viernes&nbsp;de 18 a 22hs &#8211;&nbsp;Gratuito N\u00b0 de Resoluci\u00f3n: 2023-910-GCABA-SSCDOC&nbsp; &nbsp;&#8211;&nbsp;1 punto (CABA) Para &#8230; <a title=\"Post\u00edtulo 2023\" class=\"read-more\" href=\"https:\/\/ens3-caba.infd.edu.ar\/sitio\/postitulo-2023\/\" aria-label=\"More on Post\u00edtulo 2023\">[+]<\/a><\/p>\n","protected":false},"author":121,"featured_media":0,"parent":0,"menu_order":0,"comment_status":"closed","ping_status":"closed","template":"","meta":[],"acf":[],"_links":{"self":[{"href":"https:\/\/ens3-caba.infd.edu.ar\/sitio\/wp-json\/wp\/v2\/pages\/2276"}],"collection":[{"href":"https:\/\/ens3-caba.infd.edu.ar\/sitio\/wp-json\/wp\/v2\/pages"}],"about":[{"href":"https:\/\/ens3-caba.infd.edu.ar\/sitio\/wp-json\/wp\/v2\/types\/page"}],"author":[{"embeddable":true,"href":"https:\/\/ens3-caba.infd.edu.ar\/sitio\/wp-json\/wp\/v2\/users\/121"}],"replies":[{"embeddable":true,"href":"https:\/\/ens3-caba.infd.edu.ar\/sitio\/wp-json\/wp\/v2\/comments?post=2276"}],"version-history":[{"count":3,"href":"https:\/\/ens3-caba.infd.edu.ar\/sitio\/wp-json\/wp\/v2\/pages\/2276\/revisions"}],"predecessor-version":[{"id":2299,"href":"https:\/\/ens3-caba.infd.edu.ar\/sitio\/wp-json\/wp\/v2\/pages\/2276\/revisions\/2299"}],"wp:attachment":[{"href":"https:\/\/ens3-caba.infd.edu.ar\/sitio\/wp-json\/wp\/v2\/media?parent=2276"}],"curies":[{"name":"wp","href":"https:\/\/api.w.org\/{rel}","templated":true}]}}