{"id":2553,"date":"2023-12-11T18:16:53","date_gmt":"2023-12-11T21:16:53","guid":{"rendered":"https:\/\/ens3-caba.infd.edu.ar\/sitio\/?page_id=2553"},"modified":"2023-12-11T18:16:54","modified_gmt":"2023-12-11T21:16:54","slug":"postitulo-2024","status":"publish","type":"page","link":"https:\/\/ens3-caba.infd.edu.ar\/sitio\/postitulo-2024\/","title":{"rendered":"Post\u00edtulo 2024"},"content":{"rendered":"\n<p class=\"has-text-align-center\"><strong>&#x1f4e3; Te invitamos a pre-inscribirte a la Actualizaci\u00f3n Acad\u00e9mica en educaci\u00f3n ambiental integral y ense\u00f1anza de las ciencias en el nivel primario: puntos de encuentro y entrecruzamientos<\/strong><\/p>\n\n\n\n<p class=\"has-text-align-center\"><strong>&#x1f3eb; Cursada presencial en la ENS N\u00b03, sede de San Telmo &#8211; Bolivar 1235, CABA. Viernes de 18 a 22 hs.<\/strong><\/p>\n\n\n\n<p class=\"has-text-align-center\"><strong>&#x23f3; Duraci\u00f3n: 1 a\u00f1o (208 hs. reloj)<\/strong><\/p>\n\n\n\n<p class=\"has-text-align-center\"><strong>&#x1f4dc;1 punto (Res.2023-910-GCABA-SSCDOC)<\/strong><\/p>\n\n\n\n<p class=\"has-text-align-center\"><strong>&#x27a1; Dirigida a docentes, equipos directivos y de supervisi\u00f3n del Nivel Primario<\/strong><\/p>\n\n\n\n<p class=\"has-text-align-center\"><strong>&#x1f5d3; Inicio del ciclo lectivo: fines de marzo de 2024<\/strong><\/p>\n\n\n\n<p class=\"has-text-align-center\"><strong>&#x1f4dd; Link al formulario de preinscripci\u00f3n: <a href=\"https:\/\/forms.gle\/RXumSjYai8sMhwfT9\" target=\"_blank\" rel=\"noreferrer noopener\">https:\/\/forms.gle\/RXumSjYai8sMhwfT9<\/a><\/strong><\/p>\n\n\n\n<p class=\"has-text-align-center\"><strong>&#x2139; &#8211; Para m\u00e1s informaci\u00f3n, podes visitar: <a rel=\"noreferrer noopener\" href=\"https:\/\/actualizacionambie.wixsite.com\/ambientey-ciencias\" target=\"_blank\">https:\/\/actualizacionambie.wixsite.com\/ambientey-ciencias<\/a><\/strong><\/p>\n\n\n\n<p class=\"has-text-align-center\"><strong>&#x1f4e8; Contacto: <a href=\"mailto:actualizacion.ambienteyciencias@gmail.com\">actualizacion.ambienteyciencias@gmail.com<\/a><\/strong><\/p>\n","protected":false},"excerpt":{"rendered":"<p>&#x1f4e3; Te invitamos a pre-inscribirte a la Actualizaci\u00f3n Acad\u00e9mica en educaci\u00f3n ambiental integral y ense\u00f1anza de las ciencias en el nivel primario: puntos de encuentro y entrecruzamientos &#x1f3eb; Cursada presencial en la ENS N\u00b03, sede de San Telmo &#8211; Bolivar 1235, CABA. Viernes de 18 a 22 hs. &#x23f3; Duraci\u00f3n: 1 a\u00f1o (208 hs. reloj) &#8230; <a title=\"Post\u00edtulo 2024\" class=\"read-more\" href=\"https:\/\/ens3-caba.infd.edu.ar\/sitio\/postitulo-2024\/\" aria-label=\"More on Post\u00edtulo 2024\">[+]<\/a><\/p>\n","protected":false},"author":121,"featured_media":0,"parent":0,"menu_order":0,"comment_status":"closed","ping_status":"closed","template":"","meta":[],"acf":[],"_links":{"self":[{"href":"https:\/\/ens3-caba.infd.edu.ar\/sitio\/wp-json\/wp\/v2\/pages\/2553"}],"collection":[{"href":"https:\/\/ens3-caba.infd.edu.ar\/sitio\/wp-json\/wp\/v2\/pages"}],"about":[{"href":"https:\/\/ens3-caba.infd.edu.ar\/sitio\/wp-json\/wp\/v2\/types\/page"}],"author":[{"embeddable":true,"href":"https:\/\/ens3-caba.infd.edu.ar\/sitio\/wp-json\/wp\/v2\/users\/121"}],"replies":[{"embeddable":true,"href":"https:\/\/ens3-caba.infd.edu.ar\/sitio\/wp-json\/wp\/v2\/comments?post=2553"}],"version-history":[{"count":1,"href":"https:\/\/ens3-caba.infd.edu.ar\/sitio\/wp-json\/wp\/v2\/pages\/2553\/revisions"}],"predecessor-version":[{"id":2555,"href":"https:\/\/ens3-caba.infd.edu.ar\/sitio\/wp-json\/wp\/v2\/pages\/2553\/revisions\/2555"}],"wp:attachment":[{"href":"https:\/\/ens3-caba.infd.edu.ar\/sitio\/wp-json\/wp\/v2\/media?parent=2553"}],"curies":[{"name":"wp","href":"https:\/\/api.w.org\/{rel}","templated":true}]}}