{"id":2623,"date":"2024-05-08T19:04:39","date_gmt":"2024-05-08T22:04:39","guid":{"rendered":"https:\/\/ens3-caba.infd.edu.ar\/sitio\/?page_id=2623"},"modified":"2025-06-02T18:44:15","modified_gmt":"2025-06-02T21:44:15","slug":"ingresantes-2o-cuatrimestre-2024","status":"publish","type":"page","link":"https:\/\/ens3-caba.infd.edu.ar\/sitio\/ingresantes-2o-cuatrimestre-2024\/","title":{"rendered":""},"content":{"rendered":"\n<p class=\"has-text-align-center has-accent-color has-text-color has-x-large-font-size\"><strong>\u00bfQUER\u00c9S SER MAESTRA O MAESTRO?<\/strong><br><strong>ESTUDI\u00c1 INGRESANDO EN EL 2\u00ba CUATRIMESTRE<\/strong><\/p>\n\n\n\n<figure class=\"wp-block-image size-full\"><img decoding=\"async\" loading=\"lazy\" width=\"1536\" height=\"1027\" src=\"https:\/\/ens3-caba.infd.edu.ar\/sitio\/wp-content\/uploads\/2025\/06\/image-2.png\" alt=\"\" class=\"wp-image-2719\" srcset=\"https:\/\/ens3-caba.infd.edu.ar\/sitio\/wp-content\/uploads\/2025\/06\/image-2.png 1536w, https:\/\/ens3-caba.infd.edu.ar\/sitio\/wp-content\/uploads\/2025\/06\/image-2-1000x669.png 1000w, https:\/\/ens3-caba.infd.edu.ar\/sitio\/wp-content\/uploads\/2025\/06\/image-2-768x514.png 768w\" sizes=\"(max-width: 1536px) 100vw, 1536px\" \/><\/figure>\n\n\n\n<p>En el 2\u00b0 cuatrimestre 2025 pod\u00e9s estudiar los Profesorados de Educaci\u00f3n Inicial y Primaria en sede San Telmo.\u00a0<\/p>\n\n\n\n<p>Desde el lunes 30 de mayo hasta el 27 de junio\u00a0<a rel=\"noreferrer noopener\" href=\"https:\/\/guarani-autogestionfdocente.bue.edu.ar\/preinscripcion\/caba\/acceso\" target=\"_blank\">hac\u00e9 tu pre inscripci\u00f3n online desde este enlace<\/a><a href=\"https:\/\/guarani-autogestionfdocente.bue.edu.ar\/preinscripcion\/caba\/acceso\">.<\/a>\u00a0<a rel=\"noreferrer noopener\" href=\"https:\/\/www.youtube.com\/watch?v=84tBkjH2lqY\" target=\"_blank\">En este tutorial te contamos c\u00f3mo registrarte en SIU Guaran\u00ed por primera vez.<\/a><\/p>\n\n\n\n<p><a href=\"https:\/\/www.youtube.com\/watch?v=poHHYGElaaQ\" target=\"_blank\" rel=\"noreferrer noopener\">Aqu\u00ed pod\u00e9s ver el paso a paso para guiarte a completar la preinscripci\u00f3n online<\/a>. Una vez finalizada la pre inscripci\u00f3n online, imprim\u00ed el formulario que descargues.<\/p>\n\n\n\n<p><a href=\"https:\/\/docs.google.com\/forms\/d\/e\/1FAIpQLSeisDgNDsDz_Up8dgjj7kOnfD9DXOvnl82tmwtDh5UWzKVGog\/viewform\" target=\"_blank\" rel=\"noreferrer noopener\">Complet\u00e1 tambi\u00e9n la actividad diagn\u00f3stica<\/a>.&nbsp;<a href=\"https:\/\/www.youtube.com\/watch?v=bzYqfngOFQE\" target=\"_blank\" rel=\"noreferrer noopener\">En este tutorial te mostramos c\u00f3mo hacer este procedimiento.<\/a><\/p>\n\n\n\n<p>Con ambas instancias listas, acercate presencialmente a&nbsp;<strong>Bol\u00edvar 1235,<\/strong>&nbsp;de 18:30 a 20:30 hs.<\/p>\n\n\n\n<p>\u00bfQu\u00e9 documentaci\u00f3n necesit\u00e1s presentar para completar la inscripci\u00f3n?<\/p>\n\n\n\n<ul>\n<li>Impresi\u00f3n de la preinscripci\u00f3n online.<\/li>\n\n\n\n<li>N\u00famero de comprobante de actividad diagn\u00f3stica.<\/li>\n\n\n\n<li>Original y fotocopia de DNI.<\/li>\n\n\n\n<li>Original y fotocopia de partida de nacimiento.<\/li>\n\n\n\n<li>Original y fotocopia de t\u00edtulo secundario legalizado por el GCBA o t\u00edtulo convalidado por el Ministerio de Educaci\u00f3n de la Naci\u00f3n, en caso de aspirantes extranjeros.<\/li>\n\n\n\n<li>Carpeta de 3 solapas color.<\/li>\n\n\n\n<li>2 fotos tama\u00f1o 4\u00d74.<\/li>\n<\/ul>\n","protected":false},"excerpt":{"rendered":"<p>\u00bfQUER\u00c9S SER MAESTRA O MAESTRO?ESTUDI\u00c1 INGRESANDO EN EL 2\u00ba CUATRIMESTRE En el 2\u00b0 cuatrimestre 2025 pod\u00e9s estudiar los Profesorados de Educaci\u00f3n Inicial y Primaria en sede San Telmo.\u00a0 Desde el lunes 30 de mayo hasta el 27 de junio\u00a0hac\u00e9 tu pre inscripci\u00f3n online desde este enlace.\u00a0En este tutorial te contamos c\u00f3mo registrarte en SIU Guaran\u00ed &#8230; <a title=\"\" class=\"read-more\" href=\"https:\/\/ens3-caba.infd.edu.ar\/sitio\/ingresantes-2o-cuatrimestre-2024\/\" aria-label=\"More on \">[+]<\/a><\/p>\n","protected":false},"author":121,"featured_media":0,"parent":0,"menu_order":0,"comment_status":"closed","ping_status":"closed","template":"","meta":[],"acf":[],"_links":{"self":[{"href":"https:\/\/ens3-caba.infd.edu.ar\/sitio\/wp-json\/wp\/v2\/pages\/2623"}],"collection":[{"href":"https:\/\/ens3-caba.infd.edu.ar\/sitio\/wp-json\/wp\/v2\/pages"}],"about":[{"href":"https:\/\/ens3-caba.infd.edu.ar\/sitio\/wp-json\/wp\/v2\/types\/page"}],"author":[{"embeddable":true,"href":"https:\/\/ens3-caba.infd.edu.ar\/sitio\/wp-json\/wp\/v2\/users\/121"}],"replies":[{"embeddable":true,"href":"https:\/\/ens3-caba.infd.edu.ar\/sitio\/wp-json\/wp\/v2\/comments?post=2623"}],"version-history":[{"count":7,"href":"https:\/\/ens3-caba.infd.edu.ar\/sitio\/wp-json\/wp\/v2\/pages\/2623\/revisions"}],"predecessor-version":[{"id":2721,"href":"https:\/\/ens3-caba.infd.edu.ar\/sitio\/wp-json\/wp\/v2\/pages\/2623\/revisions\/2721"}],"wp:attachment":[{"href":"https:\/\/ens3-caba.infd.edu.ar\/sitio\/wp-json\/wp\/v2\/media?parent=2623"}],"curies":[{"name":"wp","href":"https:\/\/api.w.org\/{rel}","templated":true}]}}