{"id":2686,"date":"2024-09-23T19:33:48","date_gmt":"2024-09-23T22:33:48","guid":{"rendered":"https:\/\/ens3-caba.infd.edu.ar\/sitio\/?page_id=2686"},"modified":"2025-06-02T18:31:58","modified_gmt":"2025-06-02T21:31:58","slug":"ingresantes-1o-cuatrimestre-2025","status":"publish","type":"page","link":"https:\/\/ens3-caba.infd.edu.ar\/sitio\/ingresantes-1o-cuatrimestre-2025\/","title":{"rendered":""},"content":{"rendered":"\n<p class=\"has-text-align-center has-x-large-font-size\"><strong>INGRESANTES 2\u00ba CUATRIMESTRE &#8211; 2025<\/strong><\/p>\n\n\n\n<p class=\"has-text-align-center has-text-color\" style=\"color:#fe0000\"><strong>FECHA DE INSCRIPCI\u00d3N DESDE EL 30 DE MAYO AL 27 DE JUNIO<\/strong><br><strong>BOLIVAR 1235 \u2013 C.A.B.A.<\/strong><\/p>\n\n\n\n<figure class=\"wp-block-image size-full\"><img decoding=\"async\" loading=\"lazy\" width=\"1086\" height=\"1536\" src=\"https:\/\/ens3-caba.infd.edu.ar\/sitio\/wp-content\/uploads\/2025\/06\/image-1.png\" alt=\"\" class=\"wp-image-2717\" srcset=\"https:\/\/ens3-caba.infd.edu.ar\/sitio\/wp-content\/uploads\/2025\/06\/image-1.png 1086w, https:\/\/ens3-caba.infd.edu.ar\/sitio\/wp-content\/uploads\/2025\/06\/image-1-707x1000.png 707w, https:\/\/ens3-caba.infd.edu.ar\/sitio\/wp-content\/uploads\/2025\/06\/image-1-768x1086.png 768w\" sizes=\"(max-width: 1086px) 100vw, 1086px\" \/><\/figure>\n\n\n\n<p><a href=\"https:\/\/guarani-autogestionfdocente.bue.edu.ar\/preinscripcion\/caba\/\" target=\"_blank\" rel=\"noreferrer noopener\">Desde aqu\u00ed pod\u00e9s realizar tu inscripci\u00f3n online<\/a><\/p>\n\n\n\n<p><a href=\"https:\/\/youtu.be\/84tBkjH2lqY\" target=\"_blank\" rel=\"noreferrer noopener\">Tutorial autogu\u00edado para registrarte en SIU Guaran\u00ed por primera vez<\/a><\/p>\n\n\n\n<p><a href=\"https:\/\/youtu.be\/poHHYGElaaQ\" target=\"_blank\" rel=\"noreferrer noopener\">Tutorial autogu\u00edado para hacer tu preinscripci\u00f3n online a los profesorados<\/a><\/p>\n\n\n\n<p><strong><u>REQUISITOS DE INSCRIPCI\u00d3N<\/u><\/strong><\/p>\n\n\n\n<p>Presentarse en Bedel\u00eda del turno vespertino con la documentaci\u00f3n <strong>COMPLETA <\/strong>que a continuaci\u00f3n se describe:<\/p>\n\n\n\n<ul>\n<li>Nro. de Preinscripci\u00f3n online IMPRESO.<\/li>\n\n\n\n<li>Original y fotoc. DNI, PASAPORTE O C\u00c9DULA PA\u00cdS DE ORIGEN.<\/li>\n\n\n\n<li>Original y fotoc. PARTIDA DE NACIMIENTO.<\/li>\n\n\n\n<li>Original y fotoc. T\u00cdTULO SECUNDARIO O CERTIFICADO DE T\u00cdTULO EN TR\u00c1MITE, O CONSTANCIA DE ALUMNX REGULAR.<\/li>\n\n\n\n<li>Folio tama\u00f1o oficio<\/li>\n\n\n\n<li>2 FOTOS 4\u00d74<\/li>\n\n\n\n<li>COOPERADORA ANUAL 2025: $ 10.000.-<\/li>\n<\/ul>\n\n\n\n<p><strong><u>HORARIOS DE ATENCI\u00d3N <\/u><\/strong><\/p>\n\n\n\n<p>TURNO VESPERTINO 19.00 A 20.30 hs. <a href=\"mailto:ens3bedeliasantelmo@gmail.com\">ens3bedeliasantelmo@gmail.com<\/a><\/p>\n","protected":false},"excerpt":{"rendered":"<p>INGRESANTES 2\u00ba CUATRIMESTRE &#8211; 2025 FECHA DE INSCRIPCI\u00d3N DESDE EL 30 DE MAYO AL 27 DE JUNIOBOLIVAR 1235 \u2013 C.A.B.A. Desde aqu\u00ed pod\u00e9s realizar tu inscripci\u00f3n online Tutorial autogu\u00edado para registrarte en SIU Guaran\u00ed por primera vez Tutorial autogu\u00edado para hacer tu preinscripci\u00f3n online a los profesorados REQUISITOS DE INSCRIPCI\u00d3N Presentarse en Bedel\u00eda del turno &#8230; <a title=\"\" class=\"read-more\" href=\"https:\/\/ens3-caba.infd.edu.ar\/sitio\/ingresantes-1o-cuatrimestre-2025\/\" aria-label=\"More on \">[+]<\/a><\/p>\n","protected":false},"author":121,"featured_media":0,"parent":0,"menu_order":0,"comment_status":"closed","ping_status":"closed","template":"","meta":[],"acf":[],"_links":{"self":[{"href":"https:\/\/ens3-caba.infd.edu.ar\/sitio\/wp-json\/wp\/v2\/pages\/2686"}],"collection":[{"href":"https:\/\/ens3-caba.infd.edu.ar\/sitio\/wp-json\/wp\/v2\/pages"}],"about":[{"href":"https:\/\/ens3-caba.infd.edu.ar\/sitio\/wp-json\/wp\/v2\/types\/page"}],"author":[{"embeddable":true,"href":"https:\/\/ens3-caba.infd.edu.ar\/sitio\/wp-json\/wp\/v2\/users\/121"}],"replies":[{"embeddable":true,"href":"https:\/\/ens3-caba.infd.edu.ar\/sitio\/wp-json\/wp\/v2\/comments?post=2686"}],"version-history":[{"count":5,"href":"https:\/\/ens3-caba.infd.edu.ar\/sitio\/wp-json\/wp\/v2\/pages\/2686\/revisions"}],"predecessor-version":[{"id":2718,"href":"https:\/\/ens3-caba.infd.edu.ar\/sitio\/wp-json\/wp\/v2\/pages\/2686\/revisions\/2718"}],"wp:attachment":[{"href":"https:\/\/ens3-caba.infd.edu.ar\/sitio\/wp-json\/wp\/v2\/media?parent=2686"}],"curies":[{"name":"wp","href":"https:\/\/api.w.org\/{rel}","templated":true}]}}