{"id":2740,"date":"2025-10-06T18:46:39","date_gmt":"2025-10-06T21:46:39","guid":{"rendered":"https:\/\/ens3-caba.infd.edu.ar\/sitio\/?page_id=2740"},"modified":"2026-03-12T19:31:19","modified_gmt":"2026-03-12T22:31:19","slug":"ingresantes-2026","status":"publish","type":"page","link":"https:\/\/ens3-caba.infd.edu.ar\/sitio\/ingresantes-2026\/","title":{"rendered":"Ingresantes 2026"},"content":{"rendered":"\n<p class=\"has-text-align-center has-text-color has-large-font-size\" style=\"color:#fe0000\"><strong><em>EN BREVE SE PUBLICAR\u00c1 TODA LA DOCUMENTACI\u00d3N PERTINENTE AL NUEVO PLAN DE ESTUDIOS 2026<\/em><\/strong><\/p>\n\n\n\n<p>Desde el lunes 6 de octubre iniciar\u00e1 la pre inscripci\u00f3n online regular para estudiar en los Profesorados de nuestra ciudad para empezar a cursar en el 1\u00b0 cuatrimestre 2026. Ser\u00e1 hasta el 6 de diciembre de 2025. Te contamos c\u00f3mo realizarla.<\/p>\n\n\n\n<ol>\n<li><a href=\"https:\/\/guarani-autogestionfdocente.bue.edu.ar\/preinscripcion\/caba\/acceso\">Hac\u00e9 tu pre inscripci\u00f3n online desde este enlace.<\/a>&nbsp;<a href=\"https:\/\/www.youtube.com\/watch?v=84tBkjH2lqY\">En este tutorial te contamos c\u00f3mo registrarte en SIU Guaran\u00ed por primera vez.<\/a>&nbsp;<a href=\"https:\/\/www.youtube.com\/watch?v=poHHYGElaaQ\">Aqu\u00ed pod\u00e9s ver el paso a paso para guiarte a completar la preinscripci\u00f3n online<\/a><br> (<strong>ATENCI\u00d3N: En el tutorial se muestra c\u00f3mo hacer la inscripci\u00f3n en la sede de Lugano, si se desea hacerla en la sede de San Telmo ingresar a la p\u00e1gigna web de la misma: <a rel=\"noreferrer noopener\" href=\"https:\/\/ens3-caba.infd.edu.ar\/sitio\/\" target=\"_blank\">https:\/\/ens3-caba.infd.edu.ar\/sitio\/<\/a>)  <\/strong><br>Record\u00e1 subir a la plataforma toda la documentaci\u00f3n requerida (si vas a tomar fotograf\u00edas, que est\u00e9n en foco). No hay tal actividad diagn\u00f3stica para completar. Una vez finalizada la pre inscripci\u00f3n online, imprim\u00ed el formulario que descargues.<\/li>\n<\/ol>\n\n\n\n<p><strong>Horarios de cursada:<\/strong><\/p>\n\n\n\n<p>Turno vespertino: de 18:00 a 20:00 y de 20:10 a 22:10hs.<\/p>\n\n\n\n<p>2. Acercate presencialmente al profesorado a validar tu inscripci\u00f3n.<\/p>\n\n\n\n<p><strong>Horario<\/strong>&nbsp;<strong>de Bedel\u00eda<\/strong><\/p>\n\n\n\n<p class=\"has-text-color has-large-font-size\" style=\"color:#e70a0a\">Turno vespertino: 18.30 a 20:00 hs<\/p>\n\n\n\n<p>3. Si ya te inscribiste en alguna ocasi\u00f3n a los Profesorados de nuestra Ciudad y ten\u00e9s usuario SIU Guaran\u00ed, NO REALICES UN NUEVO USUARIO. Hac\u00e9 la inscripci\u00f3n directamente&nbsp;<a href=\"https:\/\/guarani-autogestionfdocente.bue.edu.ar\/\">desde el sistema<\/a>. Si olvidaste la contrase\u00f1a de acceso, la recuper\u00e1s con el correo electr\u00f3nico que tengas registrado. Si ten\u00e9s inconvenientes, llamanos por tel\u00e9fono o acercate de manera presencial.<\/p>\n\n\n\n<p>4. En breve, dispondremos de algunos d\u00edas y horarios durante octubre y noviembre para que puedas venir al Profesorado para que realicemos juntos la pre inscripci\u00f3n.<\/p>\n\n\n\n<p><strong>\u00bfQu\u00e9 documentaci\u00f3n necesit\u00e1s presentar para completar la inscripci\u00f3n?<\/strong><\/p>\n\n\n\n<ul>\n<li>Impresi\u00f3n de la preinscripci\u00f3n online.<\/li>\n\n\n\n<li>Original y fotocopia de DNI.<\/li>\n\n\n\n<li>Original y fotocopia de t\u00edtulo secundario legalizado por el GCBA o t\u00edtulo convalidado por el Ministerio de Educaci\u00f3n de la Naci\u00f3n, en caso de aspirantes extranjeros; constancia de t\u00edtulo en tr\u00e1mite; o certificado de estudiante regular. Si tu t\u00edtulo es digital, descargalo e imprimilo.<\/li>\n\n\n\n<li>Folio transparente tama\u00f1o oficio<\/li>\n\n\n\n<li>2 fotos tama\u00f1o 4\u00d74.<\/li>\n<\/ul>\n","protected":false},"excerpt":{"rendered":"<p>EN BREVE SE PUBLICAR\u00c1 TODA LA DOCUMENTACI\u00d3N PERTINENTE AL NUEVO PLAN DE ESTUDIOS 2026 Desde el lunes 6 de octubre iniciar\u00e1 la pre inscripci\u00f3n online regular para estudiar en los Profesorados de nuestra ciudad para empezar a cursar en el 1\u00b0 cuatrimestre 2026. Ser\u00e1 hasta el 6 de diciembre de 2025. Te contamos c\u00f3mo realizarla. &#8230; <a title=\"Ingresantes 2026\" class=\"read-more\" href=\"https:\/\/ens3-caba.infd.edu.ar\/sitio\/ingresantes-2026\/\" aria-label=\"More on Ingresantes 2026\">[+]<\/a><\/p>\n","protected":false},"author":121,"featured_media":0,"parent":0,"menu_order":0,"comment_status":"closed","ping_status":"closed","template":"","meta":[],"acf":[],"_links":{"self":[{"href":"https:\/\/ens3-caba.infd.edu.ar\/sitio\/wp-json\/wp\/v2\/pages\/2740"}],"collection":[{"href":"https:\/\/ens3-caba.infd.edu.ar\/sitio\/wp-json\/wp\/v2\/pages"}],"about":[{"href":"https:\/\/ens3-caba.infd.edu.ar\/sitio\/wp-json\/wp\/v2\/types\/page"}],"author":[{"embeddable":true,"href":"https:\/\/ens3-caba.infd.edu.ar\/sitio\/wp-json\/wp\/v2\/users\/121"}],"replies":[{"embeddable":true,"href":"https:\/\/ens3-caba.infd.edu.ar\/sitio\/wp-json\/wp\/v2\/comments?post=2740"}],"version-history":[{"count":4,"href":"https:\/\/ens3-caba.infd.edu.ar\/sitio\/wp-json\/wp\/v2\/pages\/2740\/revisions"}],"predecessor-version":[{"id":2769,"href":"https:\/\/ens3-caba.infd.edu.ar\/sitio\/wp-json\/wp\/v2\/pages\/2740\/revisions\/2769"}],"wp:attachment":[{"href":"https:\/\/ens3-caba.infd.edu.ar\/sitio\/wp-json\/wp\/v2\/media?parent=2740"}],"curies":[{"name":"wp","href":"https:\/\/api.w.org\/{rel}","templated":true}]}}