{"id":286,"date":"2016-10-31T13:17:59","date_gmt":"2016-10-31T16:17:59","guid":{"rendered":"https:\/\/ens3-caba.infd.edu.ar\/sitio\/?page_id=286"},"modified":"2025-06-30T09:05:25","modified_gmt":"2025-06-30T12:05:25","slug":"inicio","status":"publish","type":"page","link":"https:\/\/ens3-caba.infd.edu.ar\/sitio\/","title":{"rendered":"Inicio"},"content":{"rendered":"<h1 style=\"text-align: center;\"><span style=\"font-size: 24pt; color: #333399;\"><strong><span style=\"font-family: 'book antiqua', palatino;\">Escuela Normal Superior N\u00b0 3 <\/span><\/strong><\/span><span style=\"font-size: 24pt; color: #333399;\"><strong><span style=\"font-family: 'book antiqua', palatino;\">\u00abBernardino Rivadavia\u00bb D.E. 4<br \/><\/span><\/strong><\/span><span style=\"font-size: 24pt; color: #333399;\"><strong><span style=\"font-family: 'book antiqua', palatino;\">Sede San Telmo<br \/><\/span><\/strong><\/span><em><strong>\u00ab120 a\u00f1os Educando para la Libertad\u00bb<\/strong><\/em><\/h1>\n<p><iframe loading=\"lazy\" title=\"15 de mayo de 2025\" width=\"1200\" height=\"675\" src=\"https:\/\/www.youtube.com\/embed\/0T1zbOjEZ80?feature=oembed\" frameborder=\"0\" allow=\"accelerometer; autoplay; clipboard-write; encrypted-media; gyroscope; picture-in-picture; web-share\" referrerpolicy=\"strict-origin-when-cross-origin\" allowfullscreen><\/iframe><\/p>\n<h2 style=\"text-align: center;\"><span style=\"font-size: 24pt; color: #333399;\"><strong><span style=\"font-family: 'book antiqua', palatino;\"><iframe loading=\"lazy\" title=\"YouTube video player\" src=\"https:\/\/www.youtube.com\/embed\/G60uFLGLQQw\" width=\"560\" height=\"315\" frameborder=\"0\" allowfullscreen=\"allowfullscreen\"><\/iframe><br \/><\/span><\/strong><\/span><\/h2>\n<p>&nbsp;<\/p>\n<p><img decoding=\"async\" loading=\"lazy\" class=\"wp-image-1446 aligncenter\" src=\"https:\/\/ens3-caba.infd.edu.ar\/sitio\/wp-content\/uploads\/2018\/09\/frente.png\" alt=\"\" width=\"594\" height=\"388\" srcset=\"https:\/\/ens3-caba.infd.edu.ar\/sitio\/wp-content\/uploads\/2018\/09\/frente.png 781w, https:\/\/ens3-caba.infd.edu.ar\/sitio\/wp-content\/uploads\/2018\/09\/frente-768x502.png 768w\" sizes=\"(max-width: 594px) 100vw, 594px\" \/><\/p>\n<p style=\"text-align: center;\"><span style=\"font-size: 12pt;\"><span style=\"font-family: 'book antiqua', palatino;\">Nuestra Escuela Normal Superior N\u00ba 3 se dedica hace m\u00e1s de 100 a\u00f1os a la\u00a0 Formaci\u00f3n Docente, forma parte con las otras Escuelas Normales del Sistema de Educaci\u00f3n P\u00fablica de Gesti\u00f3n Estatal.<\/span><\/span><\/p>\n<p style=\"text-align: center;\"><span style=\"font-size: 18pt;\"><strong><span style=\"font-family: 'book antiqua', palatino;\"><a href=\"http:\/\/ens3a-caba.infd.edu.ar\/\">Acceso Anexo Lugano<\/a><\/span><\/strong><\/span><\/p>\n","protected":false},"excerpt":{"rendered":"<p>Escuela Normal Superior N\u00b0 3 \u00abBernardino Rivadavia\u00bb D.E. 4Sede San Telmo\u00ab120 a\u00f1os Educando para la Libertad\u00bb &nbsp; Nuestra Escuela Normal Superior N\u00ba 3 se dedica hace m\u00e1s de 100 a\u00f1os a la\u00a0 Formaci\u00f3n Docente, forma parte con las otras Escuelas Normales del Sistema de Educaci\u00f3n P\u00fablica de Gesti\u00f3n Estatal. Acceso Anexo Lugano<\/p>\n","protected":false},"author":1,"featured_media":0,"parent":0,"menu_order":0,"comment_status":"closed","ping_status":"closed","template":"","meta":[],"acf":[],"_links":{"self":[{"href":"https:\/\/ens3-caba.infd.edu.ar\/sitio\/wp-json\/wp\/v2\/pages\/286"}],"collection":[{"href":"https:\/\/ens3-caba.infd.edu.ar\/sitio\/wp-json\/wp\/v2\/pages"}],"about":[{"href":"https:\/\/ens3-caba.infd.edu.ar\/sitio\/wp-json\/wp\/v2\/types\/page"}],"author":[{"embeddable":true,"href":"https:\/\/ens3-caba.infd.edu.ar\/sitio\/wp-json\/wp\/v2\/users\/1"}],"replies":[{"embeddable":true,"href":"https:\/\/ens3-caba.infd.edu.ar\/sitio\/wp-json\/wp\/v2\/comments?post=286"}],"version-history":[{"count":302,"href":"https:\/\/ens3-caba.infd.edu.ar\/sitio\/wp-json\/wp\/v2\/pages\/286\/revisions"}],"predecessor-version":[{"id":2724,"href":"https:\/\/ens3-caba.infd.edu.ar\/sitio\/wp-json\/wp\/v2\/pages\/286\/revisions\/2724"}],"wp:attachment":[{"href":"https:\/\/ens3-caba.infd.edu.ar\/sitio\/wp-json\/wp\/v2\/media?parent=286"}],"curies":[{"name":"wp","href":"https:\/\/api.w.org\/{rel}","templated":true}]}}